{"id":90,"date":"2024-04-02T22:09:57","date_gmt":"2024-04-02T20:09:57","guid":{"rendered":"http:\/\/www.lagarburade.org\/garburade\/?page_id=90"},"modified":"2025-06-11T18:17:25","modified_gmt":"2025-06-11T16:17:25","slug":"la-confrerie","status":"publish","type":"page","link":"https:\/\/www.lagarburade.org\/index.php\/la-confrerie\/","title":{"rendered":"La Confr\u00e9rie"},"content":{"rendered":"<div class=\"wpb-content-wrapper\"><p>[vc_row][vc_column][vc_column_text]<\/p>\n<p style=\"text-align: left;\">Cr\u00e9\u00e9e en 1994, \u00e0 l&rsquo;initiative de Bernard Faure, elle repr\u00e9sente la vitrine \u00ab\u00a0folklorique\u00a0\u00bb et l&rsquo;ambassade de la Garbure d&rsquo;Oloron sainte-Marie. Elle apporte la note ludique et spectaculaire aux manifestations organis\u00e9es autour de la garbure. D\u00e9fil\u00e9s en costume d&rsquo;apparat, intronisation de personnalit\u00e9s&#8230;<\/p>\n<p style=\"text-align: left;\">S\u00e9rieux dans l&rsquo;\u00e9tique, mais pas dans la t\u00eate : convivialit\u00e9 avant tout !<\/p>\n<p style=\"text-align: left;\">Fernand Pon, fondateur et ancien Pr\u00e9sident de l&rsquo;Association \u00ab\u00a0La Garburade\u00a0\u00bb insiste sur ce point : \u00ab\u00a0Le succ\u00e8s populaire de la Garburade tient avant tout \u00e0 son ambiance conviviale, insuffl\u00e9e par les \u00e9quipes concurrentes autour de leurs marmites !\u00a0\u00bb<\/p>\n<p style=\"text-align: left;\">C&rsquo;est gr\u00e2ce aux membres de la Confr\u00e9rie que la Garburade a vu le jour, il y a 30 ans. Depuis, le succ\u00e8s grandissant, une charte de qualit\u00e9 a \u00e9t\u00e9 cr\u00e9\u00e9e. Elle rassemble de nombreux restaurateurs de la r\u00e9gion s&rsquo;engageant \u00e0 servir toute l&rsquo;ann\u00e9e une garbure de qualit\u00e9.<\/p>\n<p>[\/vc_column_text][\/vc_column][\/vc_row][vc_row][vc_column][vc_column_text]<\/p>\n<h2 style=\"text-align: left;\"><b>La confr\u00e9rie\u00a0 \u00a0 \u00a0 \u00a0 \u00a0 \u00a0 \u00a0 \u00a0 \u00a0 \u00a0 \u00a0 \u00a0 \u00a0 \u00a0 \u00a0 \u00a0 \u00a0 \u00a0 \u00a0 \u00a0 \u00a0 <\/b><\/h2>\n<p>Nom : LA GARBURADA<br \/>\nCr\u00e9ation : 1994<br \/>\nGrand-ma\u00eetre : Monsieur Michel MOUTON[\/vc_column_text][\/vc_column][\/vc_row][vc_row][vc_column][vc_column_text]<\/p>\n<h2>Objectifs<\/h2>\n<p>* \u00catre l&rsquo;ambassadrice de la GARBURE D&rsquo;OLORON STE MARIE et de ses vall\u00e9es.<\/p>\n<p>* Animer la journ\u00e9e Garburade ou d&rsquo;autres manifestations en apportant la note folklorique, ludique et spectaculaire.<\/p>\n<p>L&rsquo;ensemble des manifestations est tr\u00e8s bien accueillie par le public et la presse, mais la confr\u00e9rie semble devoir cr\u00e9er, avant m\u00eame son apparition en costume, un effet m\u00e9diatique particuli\u00e8rement constructif.<\/p>\n<p>* Remercier en les intronisant les amis de la Garbure.<\/p>\n<p>Bernard FAURE est responsable de la cr\u00e9ation de cette confr\u00e9rie :<\/p>\n<p>&#8211; Mise au point du costume,<br \/>\n&#8211; Texte et dipl\u00f4me d&rsquo;intronisation,<br \/>\n&#8211; Recherches Historiques.[\/vc_column_text][\/vc_column][\/vc_row][vc_row][vc_column][vc_column_text]<\/p>\n<h2><b>Les titres<\/b><\/h2>\n<p>MA\u00ceTRE : (Remet la m\u00e9daille)<br \/>\nGARBURADIER : (Ma\u00eetre de c\u00e9r\u00e9monie)<br \/>\nGARBURIER OU TASTE GARBURE : (Pr\u00e9pare et fait go\u00fbter la Garbure)<br \/>\nGOUDALIER : (Offre la Goudale ou le verre de vin)<br \/>\nCHANTRE : (Annonce les m\u00e9rites de la Garbure et de l&rsquo;imp\u00e9trant)<\/p>\n<p>Et la troupe des CHEVALIERS ou exceptionnellement CHEVALIERS D&rsquo; HONNEUR (qui porteront au loin le renom de la Garbure).<\/p>\n<p>Il est \u00e9vident que le nom des membres de la Confr\u00e9rie n&rsquo;est d\u00e9voil\u00e9 qu&rsquo;au moment de leur intronisation.[\/vc_column_text][\/vc_column][\/vc_row][vc_row][vc_column][vc_single_image image=\u00a0\u00bb1022&Prime; img_size=\u00a0\u00bb1200&#215;1400&Prime; alignment=\u00a0\u00bbcenter\u00a0\u00bb][\/vc_column][\/vc_row]<\/p>\n<\/div>","protected":false},"excerpt":{"rendered":"<p>[vc_row][vc_column][vc_column_text] Cr\u00e9\u00e9e en 1994, \u00e0 l&rsquo;initiative de Bernard Faure, elle repr\u00e9sente la vitrine \u00ab\u00a0folklorique\u00a0\u00bb et l&rsquo;ambassade&#8230;<\/p>\n","protected":false},"author":1,"featured_media":120,"parent":0,"menu_order":0,"comment_status":"closed","ping_status":"closed","template":"","meta":{"footnotes":""},"class_list":["post-90","page","type-page","status-publish","has-post-thumbnail","hentry"],"jetpack_sharing_enabled":true,"_links":{"self":[{"href":"https:\/\/www.lagarburade.org\/index.php\/wp-json\/wp\/v2\/pages\/90","targetHints":{"allow":["GET"]}}],"collection":[{"href":"https:\/\/www.lagarburade.org\/index.php\/wp-json\/wp\/v2\/pages"}],"about":[{"href":"https:\/\/www.lagarburade.org\/index.php\/wp-json\/wp\/v2\/types\/page"}],"author":[{"embeddable":true,"href":"https:\/\/www.lagarburade.org\/index.php\/wp-json\/wp\/v2\/users\/1"}],"replies":[{"embeddable":true,"href":"https:\/\/www.lagarburade.org\/index.php\/wp-json\/wp\/v2\/comments?post=90"}],"version-history":[{"count":34,"href":"https:\/\/www.lagarburade.org\/index.php\/wp-json\/wp\/v2\/pages\/90\/revisions"}],"predecessor-version":[{"id":1552,"href":"https:\/\/www.lagarburade.org\/index.php\/wp-json\/wp\/v2\/pages\/90\/revisions\/1552"}],"wp:featuredmedia":[{"embeddable":true,"href":"https:\/\/www.lagarburade.org\/index.php\/wp-json\/wp\/v2\/media\/120"}],"wp:attachment":[{"href":"https:\/\/www.lagarburade.org\/index.php\/wp-json\/wp\/v2\/media?parent=90"}],"curies":[{"name":"wp","href":"https:\/\/api.w.org\/{rel}","templated":true}]}}