{"id":88,"date":"2024-04-02T22:06:12","date_gmt":"2024-04-02T20:06:12","guid":{"rendered":"http:\/\/www.lagarburade.org\/garburade\/?page_id=88"},"modified":"2025-06-11T17:59:19","modified_gmt":"2025-06-11T15:59:19","slug":"lhistorique","status":"publish","type":"page","link":"https:\/\/www.lagarburade.org\/index.php\/lhistorique\/","title":{"rendered":"L&rsquo;histoire de la Garbure"},"content":{"rendered":"<div class=\"wpb-content-wrapper\"><p>[vc_row][vc_column][vc_column_text]<\/p>\n<h2 style=\"text-align: center;\">La Garbure (c&rsquo;est louche)&#8230;<\/h2>\n<p>&#8211; Le mot garbure vient du latin \u00ab\u00a0<strong>Garburo\u00a0\u00bb<\/strong> qui signifie gerbe. C&rsquo;est bien une <strong>gerbe de l\u00e9gumes<\/strong> qui constitue la base de notre bonne soupe du B\u00e9arn; \u00e9labor\u00e9e ensuite dans le pi\u00e9mont pyr\u00e9n\u00e9en.<\/p>\n<p>&#8211; La garbure, depuis des si\u00e8cles, \u00e9tait l&rsquo;aliment principal de la paysannerie pyr\u00e9n\u00e9enne, comme en attestent des livres <strong>depuis 1655<\/strong>. Th\u00e9ophile Gauthier parle de <strong style=\"font-size: 1rem;\">\u00ab\u00a0cette d\u00e9licieuse soupe de Gascogne\u00a0\u00bb <\/strong>da<span style=\"font-size: 1rem;\">ns <strong>\u00ab\u00a0Le Capitaine Fracasse\u00a0\u00bb.<\/strong><\/span><\/p>\n<p>&#8211; La garbure est donc un assemblage de l\u00e9gumes verts et frais, choux, carottes, navets, poireaux, pommes de terre, haricots, etc. agr\u00e9ment\u00e9s de viandes confites. En B\u00e9arn le plus souvent elle est \u00e9labor\u00e9e avec <strong>\u00ab\u00a0lou tr\u00e9buc\u00a0\u00bb<\/strong> <strong>(jarret de porc<\/strong> <strong>s\u00e9ch\u00e9)<\/strong>. Elle \u00e9tait \u00e0 base de lard ou \u00ab\u00a0couenne\u00a0\u00bb pour \u00ab\u00a0tout dire\u00a0\u00bb, les morceaux de confits et le jambon \u00e9taient r\u00e9serv\u00e9s pour les jours de f\u00eate.<\/p>\n<p>&#8211; Le<strong> 4 septembre 1993<\/strong> a eu lieu le premier championnat du monde de Garbure. &#8211; Les organisateurs de ce premier championnat ont d\u00e9cid\u00e9 de cr\u00e9er une Association, son Pr\u00e9sident et ses membres voulaient faire conna\u00eetre \u00e0 tous la garbure et aussi la promouvoir&#8230;<\/p>\n<p>&#8211; Depuis cette date, une fois par an, <strong>le premier samedi du mois de septembre<\/strong>, une trentaine d&rsquo;\u00e9quipes se r\u00e9unissent pour participer \u00e0 notre manifestation <strong>\u00ab\u00a0Le Championnat du Monde de la Garbure\u00a0\u00bb.<\/strong><\/p>\n<p>&#8211; Avec l&rsquo;aide de ces \u00e9quipes, l&rsquo;association peut organiser un immense repas anim\u00e9 o\u00f9 environ chaque ann\u00e9e 1500 convives viennent d\u00e9guster la garbure d&rsquo;Oloron Ste Marie&#8230;.<\/p>\n<p>Au menu en 1993, il y avait :<\/p>\n<ul>\n<li>Garbure<\/li>\n<li>Viande Confite<\/li>\n<li>Fromage de nos bergers<\/li>\n<li>Russe<\/li>\n<li>Vin de Bellocq<\/li>\n<li>Eau d&rsquo;Ogeu<\/li>\n<li>Caf\u00e9 Latournerie<\/li>\n<\/ul>\n<p>Depuis, nous faisons perdurer cet \u00e9v\u00e8nement et ce repas traditionnel en emportant chaque ann\u00e9e une touche de nouveaut\u00e9 et de dynamisme.[\/vc_column_text][vc_single_image image=\u00a0\u00bb1533&Prime; img_size=\u00a0\u00bbfull\u00a0\u00bb alignment=\u00a0\u00bbcenter\u00a0\u00bb][\/vc_column][\/vc_row]<\/p>\n<\/div>","protected":false},"excerpt":{"rendered":"<p>[vc_row][vc_column][vc_column_text] La Garbure (c&rsquo;est louche)&#8230; &#8211; Le mot garbure vient du latin \u00ab\u00a0Garburo\u00a0\u00bb qui signifie gerbe&#8230;.<\/p>\n","protected":false},"author":1,"featured_media":119,"parent":0,"menu_order":0,"comment_status":"closed","ping_status":"closed","template":"","meta":{"footnotes":""},"class_list":["post-88","page","type-page","status-publish","has-post-thumbnail","hentry"],"jetpack_sharing_enabled":true,"_links":{"self":[{"href":"https:\/\/www.lagarburade.org\/index.php\/wp-json\/wp\/v2\/pages\/88","targetHints":{"allow":["GET"]}}],"collection":[{"href":"https:\/\/www.lagarburade.org\/index.php\/wp-json\/wp\/v2\/pages"}],"about":[{"href":"https:\/\/www.lagarburade.org\/index.php\/wp-json\/wp\/v2\/types\/page"}],"author":[{"embeddable":true,"href":"https:\/\/www.lagarburade.org\/index.php\/wp-json\/wp\/v2\/users\/1"}],"replies":[{"embeddable":true,"href":"https:\/\/www.lagarburade.org\/index.php\/wp-json\/wp\/v2\/comments?post=88"}],"version-history":[{"count":14,"href":"https:\/\/www.lagarburade.org\/index.php\/wp-json\/wp\/v2\/pages\/88\/revisions"}],"predecessor-version":[{"id":1549,"href":"https:\/\/www.lagarburade.org\/index.php\/wp-json\/wp\/v2\/pages\/88\/revisions\/1549"}],"wp:featuredmedia":[{"embeddable":true,"href":"https:\/\/www.lagarburade.org\/index.php\/wp-json\/wp\/v2\/media\/119"}],"wp:attachment":[{"href":"https:\/\/www.lagarburade.org\/index.php\/wp-json\/wp\/v2\/media?parent=88"}],"curies":[{"name":"wp","href":"https:\/\/api.w.org\/{rel}","templated":true}]}}