{"id":594,"date":"2024-06-29T19:09:34","date_gmt":"2024-06-29T17:09:34","guid":{"rendered":"http:\/\/www.lagarburade.org\/garburade\/?page_id=594"},"modified":"2025-08-27T18:09:47","modified_gmt":"2025-08-27T16:09:47","slug":"le-programme-2024","status":"publish","type":"page","link":"https:\/\/www.lagarburade.org\/index.php\/les-parrains-2\/le-programme-2024\/","title":{"rendered":"Le Programme 2025"},"content":{"rendered":"<div class=\"wpb-content-wrapper\"><p>[vc_row css=\u00a0\u00bb.vc_custom_1749116197421{margin-bottom: 40px !important;border-bottom-width: 0px !important;padding-bottom: 0px !important;}\u00a0\u00bb][vc_column][vc_column_text]<\/p>\n<h2 style=\"text-align: center;\">Programme 2025<\/h2>\n<h4 style=\"text-align: center;\">TOUTE LA JOURN\u00c9E<\/h4>\n<p style=\"text-align: left;\">Avec nos parrains, le Grand March\u00e9 du Terroir<strong>,<\/strong> <strong>Daney e Epi <\/strong>(animateurs),<br \/>\nHarmonie <strong>Sons &amp; Silences<\/strong>,<br \/>\nSc\u00e8nettes pour nos sponsors anim\u00e9es par <strong>Galaxie<\/strong>,<br \/>\nGroupes folkloriques, <strong>Montanhas e<\/strong> <strong>Ribera<\/strong>,<br \/>\nBandas <strong>Los Palacios<\/strong>,<br \/>\nCompagnie <strong>La Batuc 400 coups<\/strong>, <strong>Banjo Barjo<\/strong> et de nombreuses personnalit\u00e9s.<\/p>\n<p>&nbsp;<\/p>\n<h4 style=\"text-align: center;\"><strong>10H00 : PREPARATION DES GARBURES PAR LES EQUIPES <\/strong><\/h4>\n<p style=\"text-align: left;\">\u00a0\u00c9pluchage des l\u00e9gumes, d\u00e9but de cuisson, d\u00e9coration des stands. Chaque ann\u00e9e, une trentaine d\u2019\u00e9quipes concurrentes s\u2019affrontent dans la vapeur des marmites, au son des bandas, des chorales, dans le va et vient du public, des danseurs, et des personnalit\u00e9s invit\u00e9es. Couteau en main on s\u2019interpelle ou on se concentre. Le ballet des \u00e9cumoires et des louches va bon train.<\/p>\n<p>&nbsp;<\/p>\n<p><img data-recalc-dims=\"1\" loading=\"lazy\" decoding=\"async\" class=\"aligncenter wp-image-1542 size-large\" src=\"https:\/\/i0.wp.com\/www.lagarburade.org\/wp-content\/uploads\/2025\/06\/equipes_garburade.jpg?resize=1024%2C683&#038;ssl=1\" alt=\"\" width=\"1024\" height=\"683\" srcset=\"https:\/\/i0.wp.com\/www.lagarburade.org\/wp-content\/uploads\/2025\/06\/equipes_garburade.jpg?resize=1024%2C683&amp;ssl=1 1024w, https:\/\/i0.wp.com\/www.lagarburade.org\/wp-content\/uploads\/2025\/06\/equipes_garburade.jpg?resize=300%2C200&amp;ssl=1 300w, https:\/\/i0.wp.com\/www.lagarburade.org\/wp-content\/uploads\/2025\/06\/equipes_garburade.jpg?resize=768%2C512&amp;ssl=1 768w, https:\/\/i0.wp.com\/www.lagarburade.org\/wp-content\/uploads\/2025\/06\/equipes_garburade.jpg?resize=1536%2C1024&amp;ssl=1 1536w, https:\/\/i0.wp.com\/www.lagarburade.org\/wp-content\/uploads\/2025\/06\/equipes_garburade.jpg?resize=600%2C400&amp;ssl=1 600w, https:\/\/i0.wp.com\/www.lagarburade.org\/wp-content\/uploads\/2025\/06\/equipes_garburade.jpg?w=1681&amp;ssl=1 1681w\" sizes=\"auto, (max-width: 1024px) 100vw, 1024px\" \/><\/p>\n<p>&nbsp;<\/p>\n<h4 style=\"text-align: center;\"><strong>11H00 : INAUGURATION OFFICIELLE<\/strong><\/h4>\n<p style=\"text-align: left;\">L\u2019inauguration du Championnat du Monde de la Garbure se d\u00e9roule \u00e0 11h au Kiosque du Jardin Public. C\u2019est le moment du discours, des rencontres entre partenaires et \u00e9lus parfois en pr\u00e9sence d\u2019un c\u00e9l\u00e8bre parrain. L\u2019ambiance d\u00e9j\u00e0 chaude autour des marmites monte avec les Bandas et musiciens.<\/p>\n<p>&nbsp;<\/p>\n<h4 style=\"text-align: center;\"><strong>12H30 : D\u00c9JEUNER DU TERROIR : 25 \u20acuros<\/strong>\/adulte<\/h4>\n<p style=\"text-align: left;\">Le repas du midi est servi au jardin public.<br \/>\n<strong>Au menu :<\/strong><br \/>\n<strong>&#8211; La Garbure b\u00e9arnaise<\/strong><br \/>\n<strong>&#8211; Rouelle de filet mignon jambon\/fromage, sauce moutarde<\/strong><br \/>\n<strong>&#8211; Fromage de brebis<\/strong><br \/>\n<strong>&#8211; Brioche perdue cr\u00e8me anglaise vanille et chantilly \u00e0 la mascarpone<\/strong><br \/>\n<strong>&#8211; Vin et Caf\u00e9<\/strong><br \/>\nLe tout anim\u00e9 par des chants et danses.<\/p>\n<p>&nbsp;<\/p>\n<p><img data-recalc-dims=\"1\" loading=\"lazy\" decoding=\"async\" class=\"aligncenter wp-image-1563 size-large\" src=\"https:\/\/i0.wp.com\/www.lagarburade.org\/wp-content\/uploads\/2025\/06\/selection0031.jpg?resize=1024%2C683&#038;ssl=1\" alt=\"\" width=\"1024\" height=\"683\" srcset=\"https:\/\/i0.wp.com\/www.lagarburade.org\/wp-content\/uploads\/2025\/06\/selection0031-scaled.jpg?resize=1024%2C683&amp;ssl=1 1024w, https:\/\/i0.wp.com\/www.lagarburade.org\/wp-content\/uploads\/2025\/06\/selection0031-scaled.jpg?resize=300%2C200&amp;ssl=1 300w, https:\/\/i0.wp.com\/www.lagarburade.org\/wp-content\/uploads\/2025\/06\/selection0031-scaled.jpg?resize=768%2C512&amp;ssl=1 768w, https:\/\/i0.wp.com\/www.lagarburade.org\/wp-content\/uploads\/2025\/06\/selection0031-scaled.jpg?resize=1536%2C1024&amp;ssl=1 1536w, https:\/\/i0.wp.com\/www.lagarburade.org\/wp-content\/uploads\/2025\/06\/selection0031-scaled.jpg?resize=2048%2C1365&amp;ssl=1 2048w, https:\/\/i0.wp.com\/www.lagarburade.org\/wp-content\/uploads\/2025\/06\/selection0031-scaled.jpg?resize=600%2C400&amp;ssl=1 600w, https:\/\/i0.wp.com\/www.lagarburade.org\/wp-content\/uploads\/2025\/06\/selection0031-scaled.jpg?w=2340&amp;ssl=1 2340w\" sizes=\"auto, (max-width: 1024px) 100vw, 1024px\" \/><\/p>\n<h4><\/h4>\n<p>&nbsp;<\/p>\n<h4 style=\"text-align: center;\"><strong>15H00 : CONF\u00c9RENCE : LA GARBURE SUR PRESCRIPTION ?<\/strong><\/h4>\n<p style=\"text-align: left;\">Et si la garbure cochait toutes les cases ?<br \/>\nBonne pour la sant\u00e9, respectueuse de la plan\u00e8te, \u00e9conomique, conviviale\u2026 et interg\u00e9n\u00e9rationnelle ?<br \/>\nSymbole des soupes paysannes du Sud-Ouest, la garbure m\u00e9rite-t-elle une place dans nos recommandations nutritionnelles ?<br \/>\nPhilippe Berth\u00e9lemy, m\u00e9decin gastroent\u00e9rologue et nutritionniste, nous propose un \u00e9clairage original sur ce plat embl\u00e9matique : entre traditions culinaires et bienfaits modernes, il questionne la place que pourrait (re)prendre la garbure dans nos assiettes\u2026 sur ordonnance ou presque !<\/p>\n<div id=\"attachment_1626\" style=\"width: 405px\" class=\"wp-caption aligncenter\"><img data-recalc-dims=\"1\" loading=\"lazy\" decoding=\"async\" aria-describedby=\"caption-attachment-1626\" class=\" wp-image-1626\" src=\"https:\/\/i0.wp.com\/www.lagarburade.org\/wp-content\/uploads\/2025\/06\/Gastro-enterologue-credit-Marc-Zirnheld.jpg?resize=395%2C263&#038;ssl=1\" alt=\"\" width=\"395\" height=\"263\" srcset=\"https:\/\/i0.wp.com\/www.lagarburade.org\/wp-content\/uploads\/2025\/06\/Gastro-enterologue-credit-Marc-Zirnheld-scaled.jpg?resize=300%2C200&amp;ssl=1 300w, https:\/\/i0.wp.com\/www.lagarburade.org\/wp-content\/uploads\/2025\/06\/Gastro-enterologue-credit-Marc-Zirnheld-scaled.jpg?resize=1024%2C683&amp;ssl=1 1024w, https:\/\/i0.wp.com\/www.lagarburade.org\/wp-content\/uploads\/2025\/06\/Gastro-enterologue-credit-Marc-Zirnheld-scaled.jpg?resize=768%2C512&amp;ssl=1 768w, https:\/\/i0.wp.com\/www.lagarburade.org\/wp-content\/uploads\/2025\/06\/Gastro-enterologue-credit-Marc-Zirnheld-scaled.jpg?resize=1536%2C1024&amp;ssl=1 1536w, https:\/\/i0.wp.com\/www.lagarburade.org\/wp-content\/uploads\/2025\/06\/Gastro-enterologue-credit-Marc-Zirnheld-scaled.jpg?resize=2048%2C1365&amp;ssl=1 2048w, https:\/\/i0.wp.com\/www.lagarburade.org\/wp-content\/uploads\/2025\/06\/Gastro-enterologue-credit-Marc-Zirnheld-scaled.jpg?resize=600%2C400&amp;ssl=1 600w, https:\/\/i0.wp.com\/www.lagarburade.org\/wp-content\/uploads\/2025\/06\/Gastro-enterologue-credit-Marc-Zirnheld-scaled.jpg?w=2340&amp;ssl=1 2340w\" sizes=\"auto, (max-width: 395px) 100vw, 395px\" \/><p id=\"caption-attachment-1626\" class=\"wp-caption-text\"><strong>Philippe Berth\u00e9lemy, m\u00e9decin gastroent\u00e9rologue et nutritionniste<\/strong><\/p><\/div>\n<h4 style=\"text-align: center;\"><strong>16H00 : LA \u00ab\u00a0HUMADA\u00a0\u00bb<\/strong><\/h4>\n<p style=\"text-align: left;\">La Humada, moment crucial o\u00f9 les meilleurs chefs du terroir viennent humer chaque chaudron, commenter, etc. Les organisateurs et invit\u00e9s viennent d\u00e9guster et partager un moment de convivialit\u00e9 avec les garburadiers qui affinent leurs Garbures.<\/p>\n<h4 style=\"text-align: center;\"><strong><img data-recalc-dims=\"1\" loading=\"lazy\" decoding=\"async\" class=\"aligncenter wp-image-1530 size-large\" src=\"https:\/\/i0.wp.com\/www.lagarburade.org\/wp-content\/uploads\/2025\/06\/garburade_chef2024.jpg?resize=1024%2C513&#038;ssl=1\" alt=\"\" width=\"1024\" height=\"513\" srcset=\"https:\/\/i0.wp.com\/www.lagarburade.org\/wp-content\/uploads\/2025\/06\/garburade_chef2024.jpg?resize=1024%2C513&amp;ssl=1 1024w, https:\/\/i0.wp.com\/www.lagarburade.org\/wp-content\/uploads\/2025\/06\/garburade_chef2024.jpg?resize=300%2C150&amp;ssl=1 300w, https:\/\/i0.wp.com\/www.lagarburade.org\/wp-content\/uploads\/2025\/06\/garburade_chef2024.jpg?resize=768%2C385&amp;ssl=1 768w, https:\/\/i0.wp.com\/www.lagarburade.org\/wp-content\/uploads\/2025\/06\/garburade_chef2024.jpg?resize=600%2C301&amp;ssl=1 600w, https:\/\/i0.wp.com\/www.lagarburade.org\/wp-content\/uploads\/2025\/06\/garburade_chef2024.jpg?w=1440&amp;ssl=1 1440w\" sizes=\"auto, (max-width: 1024px) 100vw, 1024px\" \/><\/strong><\/h4>\n<h5><\/h5>\n<p>&nbsp;<\/p>\n<h4><\/h4>\n<h4><\/h4>\n<h4 style=\"text-align: center;\"><strong>17H30 : PROCESSION DES MARMITES ET D\u00c9FIL\u00c9 DES CONFR\u00c9RIES<\/strong><\/h4>\n<p style=\"text-align: left;\">\u00c0 la fin de la cuisson, une procession des marmites est organis\u00e9e dans les all\u00e9es du march\u00e9. Chaque \u00e9quipe de garburadiers d\u00e9file le long des all\u00e9es accompagn\u00e9e des membres de la Confr\u00e9rie de la Garbure et des bandas.<\/p>\n<p>&nbsp;<\/p>\n<p><img data-recalc-dims=\"1\" loading=\"lazy\" decoding=\"async\" class=\"aligncenter wp-image-1565 size-large\" src=\"https:\/\/i0.wp.com\/www.lagarburade.org\/wp-content\/uploads\/2025\/06\/selection0022.jpg?resize=1024%2C683&#038;ssl=1\" alt=\"\" width=\"1024\" height=\"683\" srcset=\"https:\/\/i0.wp.com\/www.lagarburade.org\/wp-content\/uploads\/2025\/06\/selection0022-scaled.jpg?resize=1024%2C683&amp;ssl=1 1024w, https:\/\/i0.wp.com\/www.lagarburade.org\/wp-content\/uploads\/2025\/06\/selection0022-scaled.jpg?resize=300%2C200&amp;ssl=1 300w, https:\/\/i0.wp.com\/www.lagarburade.org\/wp-content\/uploads\/2025\/06\/selection0022-scaled.jpg?resize=768%2C512&amp;ssl=1 768w, https:\/\/i0.wp.com\/www.lagarburade.org\/wp-content\/uploads\/2025\/06\/selection0022-scaled.jpg?resize=1536%2C1024&amp;ssl=1 1536w, https:\/\/i0.wp.com\/www.lagarburade.org\/wp-content\/uploads\/2025\/06\/selection0022-scaled.jpg?resize=2048%2C1365&amp;ssl=1 2048w, https:\/\/i0.wp.com\/www.lagarburade.org\/wp-content\/uploads\/2025\/06\/selection0022-scaled.jpg?resize=600%2C400&amp;ssl=1 600w, https:\/\/i0.wp.com\/www.lagarburade.org\/wp-content\/uploads\/2025\/06\/selection0022-scaled.jpg?w=2340&amp;ssl=1 2340w\" sizes=\"auto, (max-width: 1024px) 100vw, 1024px\" \/><\/p>\n<p>&nbsp;<\/p>\n<p>&nbsp;<\/p>\n<h4 style=\"text-align: center;\"><strong>18H00 &#8211; 19H00 : SACRE DU CHAMPION 2025<\/strong><\/h4>\n<p style=\"text-align: left;\">Apr\u00e8s le \u00ab d\u00e9fil\u00e9 des marmites \u00bb, c\u2019est au tour du jury de se recueillir, go\u00fbter, \u00e9lire, et enfin proclamer le grand vainqueur ! Le Champion est alors sacr\u00e9 pour la meilleure Garbure et re\u00e7oit le troph\u00e9e.<\/p>\n<p><img data-recalc-dims=\"1\" loading=\"lazy\" decoding=\"async\" class=\"aligncenter wp-image-1566 size-large\" src=\"https:\/\/i0.wp.com\/www.lagarburade.org\/wp-content\/uploads\/2025\/06\/selection0054.jpg?resize=1024%2C683&#038;ssl=1\" alt=\"\" width=\"1024\" height=\"683\" srcset=\"https:\/\/i0.wp.com\/www.lagarburade.org\/wp-content\/uploads\/2025\/06\/selection0054-scaled.jpg?resize=1024%2C683&amp;ssl=1 1024w, https:\/\/i0.wp.com\/www.lagarburade.org\/wp-content\/uploads\/2025\/06\/selection0054-scaled.jpg?resize=300%2C200&amp;ssl=1 300w, https:\/\/i0.wp.com\/www.lagarburade.org\/wp-content\/uploads\/2025\/06\/selection0054-scaled.jpg?resize=768%2C512&amp;ssl=1 768w, https:\/\/i0.wp.com\/www.lagarburade.org\/wp-content\/uploads\/2025\/06\/selection0054-scaled.jpg?resize=1536%2C1024&amp;ssl=1 1536w, https:\/\/i0.wp.com\/www.lagarburade.org\/wp-content\/uploads\/2025\/06\/selection0054-scaled.jpg?resize=2048%2C1366&amp;ssl=1 2048w, https:\/\/i0.wp.com\/www.lagarburade.org\/wp-content\/uploads\/2025\/06\/selection0054-scaled.jpg?resize=600%2C400&amp;ssl=1 600w, https:\/\/i0.wp.com\/www.lagarburade.org\/wp-content\/uploads\/2025\/06\/selection0054-scaled.jpg?w=2340&amp;ssl=1 2340w\" sizes=\"auto, (max-width: 1024px) 100vw, 1024px\" \/>[\/vc_column_text][vc_column_text][\/vc_column_text][\/vc_column][\/vc_row][vc_row css=\u00a0\u00bb.vc_custom_1749116174829{margin-top: 0px !important;margin-bottom: 0px !important;border-top-width: 0px !important;border-bottom-width: 0px !important;padding-top: 0px !important;padding-bottom: 0px !important;}\u00a0\u00bb][vc_column width=\u00a0\u00bb1\/3&Prime;][vc_single_image image=\u00a0\u00bb1567&Prime; img_size=\u00a0\u00bb1000&Prime;][\/vc_column][vc_column width=\u00a0\u00bb1\/3&Prime;][vc_single_image image=\u00a0\u00bb1569&Prime; img_size=\u00a0\u00bb1000&Prime;][\/vc_column][vc_column width=\u00a0\u00bb1\/3&Prime;][vc_single_image image=\u00a0\u00bb1568&Prime; img_size=\u00a0\u00bb1000&Prime;][\/vc_column][\/vc_row][vc_row css=\u00a0\u00bb.vc_custom_1749116216305{margin-top: 40px !important;border-top-width: 0px !important;padding-top: 0px !important;}\u00a0\u00bb][vc_column][vc_column_text]<\/p>\n<h4><\/h4>\n<h4><\/h4>\n<h4><\/h4>\n<p>&nbsp;<\/p>\n<p>&nbsp;<\/p>\n<h4 style=\"text-align: center;\"><strong>21H00 : LE GRAND REPAS DANSANT DE LA GARBURADE \u00c0 L&rsquo;ESPACE LAULH\u00c8RE : 30\u20ac\/adulte<\/strong><\/h4>\n<p style=\"text-align: left;\">Le soir, point culminant de la f\u00eate, plus de 1 000 convives se rassemblent autour des grandes tables, d\u00e9cor\u00e9es aux couleurs des diverses \u00e9quipes, pour d\u00e9guster les garbures du championnat. Un repas complet est servi par les concurrents eux m\u00eames : convivialit\u00e9 toujours ! Alors, chacun repart avec l\u2019assiette de la Garburade, mill\u00e9sim\u00e9e, qui restera longtemps pleine de tous les souvenirs d\u2019une grande journ\u00e9e ! Le bal est anim\u00e9 par l\u2019orchestre Lagayade qui vous fera danser jusque tard dans la nuit.<\/p>\n<p><strong>Au menu :\u00a0<\/strong><br \/>\n<strong>&#8211; Garbure \u00e0 volont\u00e9<\/strong><br \/>\n<strong>&#8211; Viandes confites, piperade<\/strong><br \/>\n<strong>&#8211; Fromage du bar\u00e9tous\u00a0<\/strong><br \/>\n<strong>&#8211; Russe d&rsquo;Artigarr\u00e8de<\/strong><br \/>\n<strong>&#8211; Vin et caf\u00e9 compris<\/strong><\/p>\n<p>&nbsp;<\/p>\n<p style=\"text-align: center;\"><strong><img data-recalc-dims=\"1\" loading=\"lazy\" decoding=\"async\" class=\"wp-image-1570 size-large aligncenter\" src=\"https:\/\/i0.wp.com\/www.lagarburade.org\/wp-content\/uploads\/2025\/06\/selection0058.jpg?resize=1024%2C683&#038;ssl=1\" alt=\"\" width=\"1024\" height=\"683\" srcset=\"https:\/\/i0.wp.com\/www.lagarburade.org\/wp-content\/uploads\/2025\/06\/selection0058-scaled.jpg?resize=1024%2C683&amp;ssl=1 1024w, https:\/\/i0.wp.com\/www.lagarburade.org\/wp-content\/uploads\/2025\/06\/selection0058-scaled.jpg?resize=300%2C200&amp;ssl=1 300w, https:\/\/i0.wp.com\/www.lagarburade.org\/wp-content\/uploads\/2025\/06\/selection0058-scaled.jpg?resize=768%2C512&amp;ssl=1 768w, https:\/\/i0.wp.com\/www.lagarburade.org\/wp-content\/uploads\/2025\/06\/selection0058-scaled.jpg?resize=1536%2C1024&amp;ssl=1 1536w, https:\/\/i0.wp.com\/www.lagarburade.org\/wp-content\/uploads\/2025\/06\/selection0058-scaled.jpg?resize=2048%2C1365&amp;ssl=1 2048w, https:\/\/i0.wp.com\/www.lagarburade.org\/wp-content\/uploads\/2025\/06\/selection0058-scaled.jpg?resize=600%2C400&amp;ssl=1 600w, https:\/\/i0.wp.com\/www.lagarburade.org\/wp-content\/uploads\/2025\/06\/selection0058-scaled.jpg?w=2340&amp;ssl=1 2340w\" sizes=\"auto, (max-width: 1024px) 100vw, 1024px\" \/><\/strong><\/p>\n<h5><\/h5>\n<h5 style=\"text-align: center;\"><strong>AMENEZ VOS COUVERTS, <\/strong><strong>NOUS VOUS OFFRONS L&rsquo;ASSIETTE SOUVENIR !<\/strong><\/h5>\n<p>&nbsp;<\/p>\n<p><img data-recalc-dims=\"1\" loading=\"lazy\" decoding=\"async\" class=\"wp-image-1111 aligncenter\" src=\"https:\/\/i0.wp.com\/www.lagarburade.org\/wp-content\/uploads\/2024\/07\/IMG_2032.jpg?resize=215%2C215&#038;ssl=1\" alt=\"\" width=\"215\" height=\"215\" srcset=\"https:\/\/i0.wp.com\/www.lagarburade.org\/wp-content\/uploads\/2024\/07\/IMG_2032.jpg?resize=300%2C300&amp;ssl=1 300w, https:\/\/i0.wp.com\/www.lagarburade.org\/wp-content\/uploads\/2024\/07\/IMG_2032.jpg?resize=1024%2C1021&amp;ssl=1 1024w, https:\/\/i0.wp.com\/www.lagarburade.org\/wp-content\/uploads\/2024\/07\/IMG_2032.jpg?resize=150%2C150&amp;ssl=1 150w, https:\/\/i0.wp.com\/www.lagarburade.org\/wp-content\/uploads\/2024\/07\/IMG_2032.jpg?resize=768%2C766&amp;ssl=1 768w, https:\/\/i0.wp.com\/www.lagarburade.org\/wp-content\/uploads\/2024\/07\/IMG_2032.jpg?resize=60%2C60&amp;ssl=1 60w, https:\/\/i0.wp.com\/www.lagarburade.org\/wp-content\/uploads\/2024\/07\/IMG_2032.jpg?resize=600%2C598&amp;ssl=1 600w, https:\/\/i0.wp.com\/www.lagarburade.org\/wp-content\/uploads\/2024\/07\/IMG_2032.jpg?resize=100%2C100&amp;ssl=1 100w, https:\/\/i0.wp.com\/www.lagarburade.org\/wp-content\/uploads\/2024\/07\/IMG_2032.jpg?w=1170&amp;ssl=1 1170w\" sizes=\"auto, (max-width: 215px) 100vw, 215px\" \/>[\/vc_column_text][vc_column_text]<\/p>\n<h3 style=\"text-align: center;\"><strong><em><a href=\"https:\/\/www.lagarburade.org\/wp-content\/uploads\/2025\/06\/BROCHURE.pdf\">T\u00e9l\u00e9charger le programme<\/a><\/em><\/strong><\/h3>\n<p>[\/vc_column_text][\/vc_column][\/vc_row]<\/p>\n<\/div>","protected":false},"excerpt":{"rendered":"<p>[vc_row css=\u00a0\u00bb.vc_custom_1749116197421{margin-bottom: 40px !important;border-bottom-width: 0px !important;padding-bottom: 0px !important;}\u00a0\u00bb][vc_column][vc_column_text] Programme 2025 TOUTE LA JOURN\u00c9E Avec nos parrains,&#8230;<\/p>\n","protected":false},"author":3,"featured_media":842,"parent":144,"menu_order":0,"comment_status":"closed","ping_status":"closed","template":"","meta":{"footnotes":""},"class_list":["post-594","page","type-page","status-publish","has-post-thumbnail","hentry"],"jetpack_sharing_enabled":true,"_links":{"self":[{"href":"https:\/\/www.lagarburade.org\/index.php\/wp-json\/wp\/v2\/pages\/594","targetHints":{"allow":["GET"]}}],"collection":[{"href":"https:\/\/www.lagarburade.org\/index.php\/wp-json\/wp\/v2\/pages"}],"about":[{"href":"https:\/\/www.lagarburade.org\/index.php\/wp-json\/wp\/v2\/types\/page"}],"author":[{"embeddable":true,"href":"https:\/\/www.lagarburade.org\/index.php\/wp-json\/wp\/v2\/users\/3"}],"replies":[{"embeddable":true,"href":"https:\/\/www.lagarburade.org\/index.php\/wp-json\/wp\/v2\/comments?post=594"}],"version-history":[{"count":75,"href":"https:\/\/www.lagarburade.org\/index.php\/wp-json\/wp\/v2\/pages\/594\/revisions"}],"predecessor-version":[{"id":1633,"href":"https:\/\/www.lagarburade.org\/index.php\/wp-json\/wp\/v2\/pages\/594\/revisions\/1633"}],"up":[{"embeddable":true,"href":"https:\/\/www.lagarburade.org\/index.php\/wp-json\/wp\/v2\/pages\/144"}],"wp:featuredmedia":[{"embeddable":true,"href":"https:\/\/www.lagarburade.org\/index.php\/wp-json\/wp\/v2\/media\/842"}],"wp:attachment":[{"href":"https:\/\/www.lagarburade.org\/index.php\/wp-json\/wp\/v2\/media?parent=594"}],"curies":[{"name":"wp","href":"https:\/\/api.w.org\/{rel}","templated":true}]}}