{"id":2,"date":"2024-04-01T15:15:28","date_gmt":"2024-04-01T13:15:28","guid":{"rendered":"http:\/\/www.lagarburade.org\/garburade\/?page_id=2"},"modified":"2025-10-22T13:54:31","modified_gmt":"2025-10-22T11:54:31","slug":"page-d-exemple","status":"publish","type":"page","link":"https:\/\/www.lagarburade.org\/","title":{"rendered":"ACCUEIL"},"content":{"rendered":"<div class=\"wpb-content-wrapper\"><p>[vc_row full_width=\u00a0\u00bbstretch_row\u00a0\u00bb][vc_column]<section style=\"background-color:#ffffff;\" id=\"single-6a092a9bdedc2\" class=\"header-single vertical-flex m0 image-bg   parallax  p0 fullscreen \" style=\"\"><div class=\"background-content\"><img loading=\"lazy\" decoding=\"async\" width=\"1600\" height=\"1200\" src=\"https:\/\/i0.wp.com\/www.lagarburade.org\/wp-content\/uploads\/2025\/10\/IMG-20250909-WA0018.jpg?fit=1600%2C1200&amp;ssl=1\" class=\"background-image\" alt=\"\" srcset=\"https:\/\/i0.wp.com\/www.lagarburade.org\/wp-content\/uploads\/2025\/10\/IMG-20250909-WA0018.jpg?w=1600&amp;ssl=1 1600w, https:\/\/i0.wp.com\/www.lagarburade.org\/wp-content\/uploads\/2025\/10\/IMG-20250909-WA0018.jpg?resize=300%2C225&amp;ssl=1 300w, https:\/\/i0.wp.com\/www.lagarburade.org\/wp-content\/uploads\/2025\/10\/IMG-20250909-WA0018.jpg?resize=1024%2C768&amp;ssl=1 1024w, https:\/\/i0.wp.com\/www.lagarburade.org\/wp-content\/uploads\/2025\/10\/IMG-20250909-WA0018.jpg?resize=768%2C576&amp;ssl=1 768w, https:\/\/i0.wp.com\/www.lagarburade.org\/wp-content\/uploads\/2025\/10\/IMG-20250909-WA0018.jpg?resize=1536%2C1152&amp;ssl=1 1536w, https:\/\/i0.wp.com\/www.lagarburade.org\/wp-content\/uploads\/2025\/10\/IMG-20250909-WA0018.jpg?resize=600%2C450&amp;ssl=1 600w\" sizes=\"auto, (max-width: 1170px) 100vw, 1170px\" \/><div  class=\"background-overlay\"><\/div><\/div><div  class=\"container vertical-flex-column item-content \"><div class=\"row\"><div class=\"standard-slide col-md-10 col-md-offset-1 col-sm-12 text-center\"><h1 class=\"heading-title-bold\">La Garburade<\/h1><div class=\"lead\" >Championnat du monde de garbure \u00e0 Oloron Ste-Marie le premier samedi de Septembre<\/div><div class=\"heading-content\"><\/div><div class=\"mt24 mt-xs-0\"><a style=\"color:#000000;background-color:#ffffff;border-color:#ffffff;\" id=\"btn-6a092a9bdedc3\"  class=\"btn-sm-sm btn-lg m0 btn ti-arrow-circle-right hvr-wobble-horizontal\" href= \"https:\/\/www.payasso.fr\/lagarburade\/billeterie\" target='_blank' >R\u00e9servez vos places<\/a><\/div>\n                <\/div><\/div><\/div><script type=\"text\/javascript\">jQuery(document).ready(function(){jQuery('head').append('<style type=\"text\/css\" id=\"tlg-custom-css-single-6a092a9bdedc2\">@font-face {font-family:\"Merriweather\"; src:url(\"\/\/fonts.gstatic.com\/s\/merriweather\/v11\/ZvcMqxEwPfh2qDWBPxn6nqObDOjC3UL77puoeHsE3fw.ttf\");}#btn-6a092a9bdedc3:hover{color:#ffffff!important;background-color:#1616e8!important;border-color:#1616e8!important;}#single-6a092a9bdedc2 h1{text-shadow:none;text-transform: none!important;font-family:Merriweather;font-weight:900;font-style:normal;color:#ffffff!important;}#single-6a092a9bdedc2 .lead{text-shadow:none;text-transform: none!important;}#single-6a092a9bdedc2 .heading-content p{text-shadow:none;text-transform: none!important;}<\/style>');});<\/script><\/section>[\/vc_column][\/vc_row][vc_row][vc_column width=\u00a0\u00bb1\/2&Prime;][vc_column_text]<em><strong>Bienvenue \u00e0 toutes et \u00e0 tous chers amis sur notre site !<\/strong><\/em><\/p>\n<p>&nbsp;<\/p>\n<p>La Garburade \u00e0 Oloron-Sainte-Marie est un \u00e9v\u00e9nement embl\u00e9matique c\u00e9l\u00e9brant la culture et la gastronomie b\u00e9arnaise dans la magnifique ville d&rsquo;Oloron, nich\u00e9e au c\u0153ur des Pyr\u00e9n\u00e9es-Atlantiques, dans le sud-ouest de la France.<\/p>\n<p>Chaque ann\u00e9e, cette f\u00eate traditionnelle attire des visiteurs venus des quatre coins du pays pour savourer l&rsquo;ambiance festive et d\u00e9lectable qui r\u00e8gne dans les rues pittoresques de la ville. La Garburade est avant tout un hommage \u00e0 la garbure, une soupe \u00e9paisse et nourrissante typique de la r\u00e9gion, \u00e9labor\u00e9e \u00e0 partir de l\u00e9gumes de saison, de viande, et parfois de haricots Tarbais, qui r\u00e9chauffe les c\u0153urs et les \u00e2mes, particuli\u00e8rement appr\u00e9ci\u00e9e durant les mois les plus froids.<\/p>\n<p>L&rsquo;\u00e9v\u00e9nement se d\u00e9roule le premier samedi du mois de Septembre, rythm\u00e9 par des d\u00e9fil\u00e9s color\u00e9s mettant en valeur les traditions locales, des animations musicales en plein air et des d\u00e9monstrations culinaires o\u00f9 des chefs renomm\u00e9s partagent leurs secrets pour concocter la garbure parfaite.<\/p>\n<p>Les visiteurs ont \u00e9galement l&rsquo;occasion de d\u00e9couvrir et d\u00e9guster une multitude de sp\u00e9cialit\u00e9s r\u00e9gionales, des fromages succulents aux d\u00e9lices sucr\u00e9s comme les c\u00e9l\u00e8bres g\u00e2teaux basques, en passant par les vins fins de Juran\u00e7on.<\/p>\n<p>Mais la Garburade ne se limite pas seulement \u00e0 la gastronomie. C&rsquo;est aussi une occasion pour les habitants et les visiteurs de se r\u00e9unir, de partager des moments de convivialit\u00e9 et de c\u00e9l\u00e9brer l&rsquo;authenticit\u00e9 et la richesse culturelle du B\u00e9arn.<\/p>\n<p>Ainsi, la Garburade \u00e0 Oloron-Sainte-Marie incarne parfaitement l&rsquo;esprit chaleureux et accueillant du sud-ouest de la France, offrant \u00e0 chacun une exp\u00e9rience m\u00e9morable o\u00f9 gastronomie, traditions et joie de vivre se rencontrent harmonieusement.[\/vc_column_text][\/vc_column][vc_column width=\u00a0\u00bb1\/2&Prime;][vc_single_image image=\u00a0\u00bb1426&Prime; img_size=\u00a0\u00bbfull\u00a0\u00bb alignment=\u00a0\u00bbcenter\u00a0\u00bb][\/vc_column][\/vc_row][vc_row tlg_background_style=\u00a0\u00bbbg-dark\u00a0\u00bb tlg_text_align=\u00a0\u00bbtext-center\u00a0\u00bb css=\u00a0\u00bb.vc_custom_1720711287970{background-image: url(https:\/\/www.lagarburade.org\/wp-content\/uploads\/2024\/07\/Garburade-0025-scaled.jpg?id=1036) !important;}\u00a0\u00bb][vc_column width=\u00a0\u00bb1\/2&Prime;]<div class=\"\"><a  id=\"btn-6a092a9bdf508\" class=\"btn btn-filled btn-light btn-rounded    btn-sm-sm\" href= \"https:\/\/www.lagarburade.org\/index.php\/fiche-technique\/\" target=\"_self\" >Inscrivez votre \u00e9quipe pour le championnat 2025<\/a><\/div>[\/vc_column][vc_column width=\u00a0\u00bb1\/2&Prime;]<div class=\"\">S'inscrire pour le march\u00e9 de Terroir<\/div>[\/vc_column][\/vc_row][vc_row tlg_background_style=\u00a0\u00bbbg-secondary\u00a0\u00bb css=\u00a0\u00bb.vc_custom_1750055815519{margin-top: 0px !important;margin-bottom: 0px !important;border-top-width: 00px !important;border-bottom-width: 0px !important;padding-top: 60px !important;padding-bottom: 60px !important;}\u00a0\u00bb][vc_column][vc_column_text]<\/p>\n<h2 style=\"text-align: center;\">Contactez-nous !<\/h2>\n<p>[\/vc_column_text][\/vc_column][\/vc_row][vc_row tlg_background_style=\u00a0\u00bbbg-secondary\u00a0\u00bb el_id=\u00a0\u00bbcontact\u00a0\u00bb css=\u00a0\u00bb.vc_custom_1750055255842{margin-top: 0px !important;margin-bottom: 0px !important;border-top-width: 0px !important;border-bottom-width: 0px !important;padding-top: 0px !important;padding-bottom: 0px !important;}\u00a0\u00bb][vc_column][vc_row_inner][vc_column_inner width=\u00a0\u00bb1\/2&Prime;]<div id=\"iconbox-6a092a9bdf52c\" class=\"\"><div class=\"icon-link\"><div class=\"relative mb0 text-center\">\n\t\t\t\t\t\t\t<i  class=\"ti-email circle-icon small-icon  inline-block mb16 ms-text icon-lg\"><\/i>\n\t\t\t\t\t\t\t<h5  class=\"widgettitle mb8\">Par email<\/h5>\n\t\t\t\t\t\t\t<div  class=\"widgetsubtitle mb16\"><\/div>\n\t\t\t\t\t\t\t<div  class=\"icon-content\"><\/div> \n\t\t\t\t\t\t<\/div><\/div><\/div>\n<div class=\"wpcf7 no-js\" id=\"wpcf7-f25-o1\" lang=\"fr-FR\" dir=\"ltr\" data-wpcf7-id=\"25\">\n<div class=\"screen-reader-response\"><p role=\"status\" aria-live=\"polite\" aria-atomic=\"true\"><\/p> <ul><\/ul><\/div>\n<form action=\"\/index.php\/wp-json\/wp\/v2\/pages\/2#wpcf7-f25-o1\" method=\"post\" class=\"wpcf7-form init\" aria-label=\"Formulaire de contact\" novalidate=\"novalidate\" data-status=\"init\">\n<fieldset class=\"hidden-fields-container\"><input type=\"hidden\" name=\"_wpcf7\" value=\"25\" \/><input type=\"hidden\" name=\"_wpcf7_version\" value=\"6.1.6\" \/><input type=\"hidden\" name=\"_wpcf7_locale\" value=\"fr_FR\" \/><input type=\"hidden\" name=\"_wpcf7_unit_tag\" value=\"wpcf7-f25-o1\" \/><input type=\"hidden\" name=\"_wpcf7_container_post\" value=\"0\" \/><input type=\"hidden\" name=\"_wpcf7_posted_data_hash\" value=\"\" \/><input type=\"hidden\" name=\"_wpcf7_recaptcha_response\" value=\"\" \/>\n<\/fieldset>\n<p><label> Votre nom<br \/>\n<span class=\"wpcf7-form-control-wrap\" data-name=\"your-name\"><input size=\"40\" maxlength=\"400\" class=\"wpcf7-form-control wpcf7-text wpcf7-validates-as-required\" autocomplete=\"name\" aria-required=\"true\" aria-invalid=\"false\" value=\"\" type=\"text\" name=\"your-name\" \/><\/span> <\/label>\n<\/p>\n<p><label> Votre e-mail<br \/>\n<span class=\"wpcf7-form-control-wrap\" data-name=\"your-email\"><input size=\"40\" maxlength=\"400\" class=\"wpcf7-form-control wpcf7-email wpcf7-validates-as-required wpcf7-text wpcf7-validates-as-email\" autocomplete=\"email\" aria-required=\"true\" aria-invalid=\"false\" value=\"\" type=\"email\" name=\"your-email\" \/><\/span> <\/label>\n<\/p>\n<p><label> Objet<br \/>\n<span class=\"wpcf7-form-control-wrap\" data-name=\"your-subject\"><input size=\"40\" maxlength=\"400\" class=\"wpcf7-form-control wpcf7-text wpcf7-validates-as-required\" aria-required=\"true\" aria-invalid=\"false\" value=\"\" type=\"text\" name=\"your-subject\" \/><\/span> <\/label>\n<\/p>\n<p><label> Votre message (facultatif)<br \/>\n<span class=\"wpcf7-form-control-wrap\" data-name=\"your-message\"><textarea cols=\"40\" rows=\"10\" maxlength=\"2000\" class=\"wpcf7-form-control wpcf7-textarea\" aria-invalid=\"false\" name=\"your-message\"><\/textarea><\/span> <\/label>\n<\/p>\n<p><input class=\"wpcf7-form-control wpcf7-submit has-spinner\" type=\"submit\" value=\"Envoyer\" \/>\n<\/p><p style=\"display: none !important;\" class=\"akismet-fields-container\" data-prefix=\"_wpcf7_ak_\"><label>&#916;<textarea name=\"_wpcf7_ak_hp_textarea\" cols=\"45\" rows=\"8\" maxlength=\"100\"><\/textarea><\/label><input type=\"hidden\" id=\"ak_js_1\" name=\"_wpcf7_ak_js\" value=\"3\"\/><script type=\"text\/javascript\">\n\/* <![CDATA[ *\/\ndocument.getElementById( \"ak_js_1\" ).setAttribute( \"value\", ( new Date() ).getTime() );\n\/* ]]> *\/\n<\/script>\n<\/p><div class=\"wpcf7-response-output\" aria-hidden=\"true\"><\/div>\n<\/form>\n<\/div>\n[\/vc_column_inner][vc_column_inner width=\u00a0\u00bb1\/2&Prime;]<div id=\"iconbox-6a092a9bdfc08\" class=\"\"><div class=\"icon-link\"><div class=\"relative mb0 text-center\">\n\t\t\t\t\t\t\t<i  class=\"ti-mobile circle-icon small-icon  inline-block mb16 ms-text icon-lg\"><\/i>\n\t\t\t\t\t\t\t<h5  class=\"widgettitle mb8\">Par t\u00e9l\u00e9phone<\/h5>\n\t\t\t\t\t\t\t<div  class=\"widgetsubtitle mb16\"><\/div>\n\t\t\t\t\t\t\t<div  class=\"icon-content\"><p><strong>05 59 39 05 86<\/strong><\/p>\n<p><strong>06 70 15 45 54<\/strong><\/p>\n<p><strong>06 83 09 05 01 (Fran\u00e7oise pr\u00e9sidente)<\/strong><\/p>\n<\/div> \n\t\t\t\t\t\t<\/div><\/div><\/div>[\/vc_column_inner][\/vc_row_inner][\/vc_column][\/vc_row]<\/p>\n<\/div>","protected":false},"excerpt":{"rendered":"<p>[vc_row full_width=\u00a0\u00bbstretch_row\u00a0\u00bb][vc_column][\/vc_column][\/vc_row][vc_row][vc_column width=\u00a0\u00bb1\/2&Prime;][vc_column_text]Bienvenue \u00e0 toutes et \u00e0 tous chers amis sur notre site ! &nbsp; La&#8230;<\/p>\n","protected":false},"author":1,"featured_media":1686,"parent":0,"menu_order":0,"comment_status":"closed","ping_status":"open","template":"","meta":{"footnotes":""},"class_list":["post-2","page","type-page","status-publish","has-post-thumbnail","hentry"],"jetpack_sharing_enabled":true,"_links":{"self":[{"href":"https:\/\/www.lagarburade.org\/index.php\/wp-json\/wp\/v2\/pages\/2","targetHints":{"allow":["GET"]}}],"collection":[{"href":"https:\/\/www.lagarburade.org\/index.php\/wp-json\/wp\/v2\/pages"}],"about":[{"href":"https:\/\/www.lagarburade.org\/index.php\/wp-json\/wp\/v2\/types\/page"}],"author":[{"embeddable":true,"href":"https:\/\/www.lagarburade.org\/index.php\/wp-json\/wp\/v2\/users\/1"}],"replies":[{"embeddable":true,"href":"https:\/\/www.lagarburade.org\/index.php\/wp-json\/wp\/v2\/comments?post=2"}],"version-history":[{"count":79,"href":"https:\/\/www.lagarburade.org\/index.php\/wp-json\/wp\/v2\/pages\/2\/revisions"}],"predecessor-version":[{"id":1714,"href":"https:\/\/www.lagarburade.org\/index.php\/wp-json\/wp\/v2\/pages\/2\/revisions\/1714"}],"wp:featuredmedia":[{"embeddable":true,"href":"https:\/\/www.lagarburade.org\/index.php\/wp-json\/wp\/v2\/media\/1686"}],"wp:attachment":[{"href":"https:\/\/www.lagarburade.org\/index.php\/wp-json\/wp\/v2\/media?parent=2"}],"curies":[{"name":"wp","href":"https:\/\/api.w.org\/{rel}","templated":true}]}}