{"id":1491,"date":"2025-06-05T14:02:18","date_gmt":"2025-06-05T12:02:18","guid":{"rendered":"https:\/\/www.lagarburade.org\/?page_id=1491"},"modified":"2025-06-13T17:30:35","modified_gmt":"2025-06-13T15:30:35","slug":"hebergements-a-oloron-sainte-marie","status":"publish","type":"page","link":"https:\/\/www.lagarburade.org\/index.php\/hebergements-a-oloron-sainte-marie\/","title":{"rendered":"H\u00e9bergements \u00e0 Oloron-Sainte-Marie"},"content":{"rendered":"<div class=\"wpb-content-wrapper\"><p>[vc_row][vc_column][vc_column_text]<\/p>\n<h2 style=\"text-align: center;\">Les partenaires de La Garburade<\/h2>\n<p style=\"text-align: left;\">\n<p>[\/vc_column_text][vc_row_inner][vc_column_inner width=\u00a0\u00bb1\/2&Prime;][vc_column_text]<\/p>\n<h3>H\u00f4tel Le Central<\/h3>\n<p>21 Avenue Sadi Carnot &#8211; 64400 Oloron Sainte-Marie<\/p>\n<p>+33 5 59 39 01 63<\/p>\n<p><a href=\"https:\/\/hoteldefrance.ellohaweb.com\/\" target=\"_blank\" rel=\"noopener\">R\u00e9servez en ligne<\/a>[\/vc_column_text][\/vc_column_inner][vc_column_inner width=\u00a0\u00bb1\/2&Prime;][vc_single_image image=\u00a0\u00bb1577&Prime; img_size=\u00a0\u00bb500&#215;180&Prime;][\/vc_column_inner][\/vc_row_inner][\/vc_column][\/vc_row][vc_row][vc_column width=\u00a0\u00bb1\/2&Prime;][vc_column_text]<\/p>\n<h3>H\u00f4tel de la Paix<\/h3>\n<p>24 Avenue Sadi Carnot &#8211; 64400 Oloron Sainte-Marie<\/p>\n<p>+33 5 59 39 02 63<\/p>\n<p><a href=\"http:\/\/www.hotel-oloron.com\/\" target=\"_blank\" rel=\"noopener\">Visite le site de l&rsquo;h\u00f4tel<\/a>[\/vc_column_text][\/vc_column][vc_column width=\u00a0\u00bb1\/2&Prime;][vc_single_image image=\u00a0\u00bb1580&Prime; img_size=\u00a0\u00bb500&#215;180&Prime;][\/vc_column][\/vc_row][vc_row][vc_column width=\u00a0\u00bb1\/2&Prime;][vc_column_text]<\/p>\n<h3>Camping Pyr\u00e9n\u00e9es Nature<\/h3>\n<p>Chemin Lagravette &#8211; 64400 Oloron Sainte-Marie<\/p>\n<p>+33 5 59 39 11 26<\/p>\n<p><a href=\"https:\/\/www.campingpyreneesnature.fr\/\" target=\"_blank\" rel=\"noopener\">R\u00e9servez en ligne<\/a>[\/vc_column_text][\/vc_column][vc_column width=\u00a0\u00bb1\/2&Prime;][vc_single_image image=\u00a0\u00bb1581&Prime; img_size=\u00a0\u00bb500&#215;180&Prime;][\/vc_column][\/vc_row][vc_row][vc_column][vc_column_text]<\/p>\n<h3 style=\"text-align: center;\">D\u00e9couvrez les autres h\u00e9bergements<\/h3>\n<p>D\u00e9couvrez tous les autres h\u00e9bergements des Pyr\u00e9n\u00e9es b\u00e9arnaises r\u00e9f\u00e9renc\u00e9s par l&rsquo;Office de Tourisme.[\/vc_column_text][vc_row_inner][vc_column_inner width=\u00a0\u00bb1\/2&Prime;][vc_column_text]<\/p>\n<h3>Les h\u00f4tels<\/h3>\n<p>[\/vc_column_text][\/vc_column_inner][vc_column_inner width=\u00a0\u00bb1\/2&Prime;][vc_single_image img_size=\u00a0\u00bb500&#215;180&Prime;][\/vc_column_inner][\/vc_row_inner][\/vc_column][\/vc_row][vc_row][vc_column width=\u00a0\u00bb1\/2&Prime;][vc_column_text]<\/p>\n<h3>Les chambres d&rsquo;h\u00f4tes<\/h3>\n<p>[\/vc_column_text][\/vc_column][vc_column width=\u00a0\u00bb1\/2&Prime;][\/vc_column][\/vc_row][vc_row][vc_column width=\u00a0\u00bb1\/2&Prime;][vc_column_text]<\/p>\n<h3>Les locations de vacances<\/h3>\n<p>[\/vc_column_text][\/vc_column][vc_column width=\u00a0\u00bb1\/2&Prime;][\/vc_column][\/vc_row][vc_row][vc_column width=\u00a0\u00bb1\/2&Prime;][vc_column_text]<\/p>\n<h3>Les h\u00e9bergements collectifs<\/h3>\n<p>[\/vc_column_text][\/vc_column][vc_column width=\u00a0\u00bb1\/2&Prime;][\/vc_column][\/vc_row][vc_row][vc_column width=\u00a0\u00bb1\/2&Prime;][vc_column_text]<\/p>\n<h3>Les campings<\/h3>\n<p>[\/vc_column_text][\/vc_column][vc_column width=\u00a0\u00bb1\/2&Prime;][\/vc_column][\/vc_row]<\/p>\n<\/div>","protected":false},"excerpt":{"rendered":"<p>[vc_row][vc_column][vc_column_text] Les partenaires de La Garburade [\/vc_column_text][vc_row_inner][vc_column_inner width=\u00a0\u00bb1\/2&Prime;][vc_column_text] H\u00f4tel Le Central 21 Avenue Sadi Carnot &#8211;&#8230;<\/p>\n","protected":false},"author":4,"featured_media":1489,"parent":0,"menu_order":0,"comment_status":"closed","ping_status":"closed","template":"","meta":{"footnotes":""},"class_list":["post-1491","page","type-page","status-publish","has-post-thumbnail","hentry"],"jetpack_sharing_enabled":true,"_links":{"self":[{"href":"https:\/\/www.lagarburade.org\/index.php\/wp-json\/wp\/v2\/pages\/1491","targetHints":{"allow":["GET"]}}],"collection":[{"href":"https:\/\/www.lagarburade.org\/index.php\/wp-json\/wp\/v2\/pages"}],"about":[{"href":"https:\/\/www.lagarburade.org\/index.php\/wp-json\/wp\/v2\/types\/page"}],"author":[{"embeddable":true,"href":"https:\/\/www.lagarburade.org\/index.php\/wp-json\/wp\/v2\/users\/4"}],"replies":[{"embeddable":true,"href":"https:\/\/www.lagarburade.org\/index.php\/wp-json\/wp\/v2\/comments?post=1491"}],"version-history":[{"count":8,"href":"https:\/\/www.lagarburade.org\/index.php\/wp-json\/wp\/v2\/pages\/1491\/revisions"}],"predecessor-version":[{"id":1582,"href":"https:\/\/www.lagarburade.org\/index.php\/wp-json\/wp\/v2\/pages\/1491\/revisions\/1582"}],"wp:featuredmedia":[{"embeddable":true,"href":"https:\/\/www.lagarburade.org\/index.php\/wp-json\/wp\/v2\/media\/1489"}],"wp:attachment":[{"href":"https:\/\/www.lagarburade.org\/index.php\/wp-json\/wp\/v2\/media?parent=1491"}],"curies":[{"name":"wp","href":"https:\/\/api.w.org\/{rel}","templated":true}]}}