{"id":147,"date":"2024-06-05T22:10:14","date_gmt":"2024-06-05T20:10:14","guid":{"rendered":"http:\/\/www.lagarburade.org\/garburade\/?page_id=147"},"modified":"2025-10-23T11:34:38","modified_gmt":"2025-10-23T09:34:38","slug":"fiche-technique","status":"publish","type":"page","link":"https:\/\/www.lagarburade.org\/index.php\/fiche-technique\/","title":{"rendered":"Les Equipes"},"content":{"rendered":"<div class=\"wpb-content-wrapper\"><p>[vc_row][vc_column][vc_column_text]<\/p>\n<h2 style=\"text-align: center;\">La Garburade : une comp\u00e9tition<\/h2>\n<p style=\"text-align: center;\">Il s&rsquo;agit d&rsquo;une comp\u00e9tition valorisant le plat traditionnel b\u00e9arnais, organis\u00e9e dans le plus grand s\u00e9rieux, restant n\u00e9anmoins amicale, o\u00f9 l&rsquo;essentiel est : la perp\u00e9tuation d&rsquo;un savoir-faire, la convivialit\u00e9 associ\u00e9e \u00e0 la pr\u00e9paration et \u00e0 la d\u00e9gustation de ce plat, l&rsquo;ambiance festive du concours.<\/p>\n<p style=\"text-align: center;\">Les \u00e9quipes constitu\u00e9es de 3 \u00e0 5 cuisiniers sont invit\u00e9es par la Garburade (prise en charge des repas de midi et du soir, fourniture des ingr\u00e9dients n\u00e9cessaires \u00e0 la pr\u00e9paration des garbures, fourniture de mat\u00e9riel&#8230;). Ces \u00e9quipes r\u00e9unissent autour d&rsquo;elles une tabl\u00e9e de convives-supporters (village, association, club amis, etc&#8230;) qui viendront d\u00e9guster, en entr\u00e9e, la garbure de leur \u00e9quipe lors du repas du soir.<\/p>\n<p style=\"text-align: center;\">Le jury est compos\u00e9 de critiques gastronomiques, de sp\u00e9cialistes et de personnalit\u00e9s asserment\u00e9es.<\/p>\n<p>[\/vc_column_text][\/vc_column][\/vc_row][vc_row][vc_column][vc_column_text]<\/p>\n<h3 style=\"text-align: center;\">Inscription des \u00e9quipes<\/h3>\n<p style=\"text-align: center;\">(<em>Cliquez sur le lien ci-apr\u00e8s)<\/em><\/p>\n<p style=\"text-align: center;\"><a href=\"https:\/\/www.lagarburade.org\/wp-content\/uploads\/2024\/07\/Vous-voulez-defendre-notre-terroir-et-nos-traditions-2024.pdf\">Vous voulez de\u0301fendre notre terroir et nos traditions 2024<\/a><\/p>\n<p style=\"text-align: center;\">Vous appr\u00e9ciez la garbure ? Vous aimez la f\u00eate et la convivialit\u00e9 ? Vous souhaitez faire conna\u00eetre votre association, club sportif, etc&#8230; ?<\/p>\n<p style=\"text-align: center;\">Alors rejoignez-nous avec vos amis et faites une \u00e9quipe pour le prochain Championnat du monde de garbure \u00e0 Oloron Ste-Marie.<\/p>\n<p style=\"text-align: center;\">Pour cela rien de plus simple : INSCRIPTION GRATUITE &#8211; CONSTITUER UNE EQUIPE DE MINIMUM 3 PERSONNES\u00a0 (CUISINIER AMATEUR) &#8211; NOUS FOURNISSONS LES\u00a0 INGREDIENTS POUR L&rsquo;ELABORATION\u00a0 DE LA GARBURE &#8211; INVITATION AUX REPAS DU MIDI ET DU SOIR.<\/p>\n<p style=\"text-align: center;\"><strong>Quelques informations \u00e0 savoir <\/strong><em>(cliquez sur les liens)<\/em>\u00a0:<\/p>\n<p style=\"text-align: center;\"><em><a href=\"https:\/\/www.lagarburade.org\/wp-content\/uploads\/2025\/06\/2-Le-Principe-2025.pdf\">Le Principe 2025<\/a><\/em><\/p>\n<p style=\"text-align: center;\"><em><a href=\"https:\/\/www.lagarburade.org\/wp-content\/uploads\/2025\/06\/3-Fiche-Technique-2025.pdf\">Fiche Technique 2025<\/a><\/em><\/p>\n<p style=\"text-align: center;\"><em><a href=\"https:\/\/www.lagarburade.org\/wp-content\/uploads\/2025\/06\/4-Le-Jour-J-2025.pdf\">Le-Jour-J-2025<\/a><\/em><\/p>\n<p style=\"text-align: center;\"><strong>Bulletin d&rsquo;inscription<\/strong> <em>(cliquez sur le lien) :<\/em><\/p>\n<p style=\"text-align: center;\"><em><a href=\"https:\/\/www.lagarburade.org\/wp-content\/uploads\/2025\/06\/5-Bulletin-Inscription-Equipe-2025.pdf\">Bulletin d&rsquo;inscription \u00c9quipe 2025<\/a><\/em><\/p>\n<p>[\/vc_column_text][\/vc_column][\/vc_row][vc_row][vc_column][vc_column_text]<\/p>\n<h3 style=\"text-align: center;\">Les \u00e9quipes<\/h3>\n<p style=\"text-align: center;\">Chaque ann\u00e9e, une trentaine d&rsquo;\u00e9quipes concurrentes s&rsquo;affrontent dans la vapeur des marmites, au son des bandas, des chorales, dans le va et vient du public, des danseurs et des personnalit\u00e9s invit\u00e9es. Le ballet des \u00e9cumoires et des louches va bon train. L&rsquo;ambiance va crescendo jusqu&rsquo;\u00e0 la \u00ab\u00a0Humada\u00a0\u00bb, moment crucial o\u00f9 parrains, personnalit\u00e9s, toutes personnes d\u00e9sirant participer viennent humer chaque chaudron, commenter&#8230; Puis, apr\u00e8s le \u00ab\u00a0D\u00e9fil\u00e9 des marmites\u00a0\u00bb, c&rsquo;est au tour du jury de se recueillir, go\u00fbter, \u00e9lire, et enfin proclamer la grand vainqueur !<\/p>\n<p>[\/vc_column_text][\/vc_column][\/vc_row][vc_row][vc_column][vc_column_text]<\/p>\n<h3 style=\"text-align: center;\">Equipes officielles 2025 du<br \/>\nChampionnat du Monde de Garbure<\/h3>\n<p>&nbsp;<\/p>\n<p style=\"text-align: center;\"><strong>Les Marmitons du Don<\/strong><br \/>\n<strong>Oloron&#8230; J&rsquo;y vis<\/strong><br \/>\n<strong>La garbure des Triplettes<\/strong><br \/>\n<strong>Chou Chou de Bruxelles<\/strong><br \/>\n<strong>Autres Continents<\/strong><br \/>\n<strong>Les Tontons Cuiseurs<\/strong><br \/>\n<strong>GEM La Garbure<\/strong><br \/>\n<strong>Nordic Oloronaise<\/strong><br \/>\n<strong>Guybure<\/strong><br \/>\n<strong>Pena Charumba<\/strong><br \/>\n<strong>Lous de Siros<\/strong><br \/>\n<strong>Le R\u00e9veil des Carottes<\/strong><br \/>\n<strong>Garbure G\u00e9roise<\/strong><br \/>\n<strong>Les Jambonettes<\/strong><br \/>\n<strong>Los Lannessus<\/strong><br \/>\n<strong>La Toque<\/strong><br \/>\n<strong>Los Aussales<\/strong><br \/>\n<strong>La Confr\u00e9rie des 9 &#8211; 3\/4<\/strong><br \/>\n<strong>Les Cuistos Dingos<\/strong><br \/>\n<strong>Es Quilhous<\/strong>[\/vc_column_text][\/vc_column][\/vc_row][vc_row css=\u00a0\u00bb.vc_custom_1749127656050{margin-top: 0px !important;margin-bottom: 40px !important;border-top-width: 0px !important;border-bottom-width: 40px !important;padding-top: 0px !important;padding-bottom: 40px !important;}\u00a0\u00bb][vc_column width=\u00a0\u00bb1\/3&Prime;][vc_single_image image=\u00a0\u00bb1736&Prime; img_size=\u00a0\u00bb400&#215;300&Prime;][vc_column_text]<\/p>\n<h4>Les Marmitons du Don<\/h4>\n<p>[\/vc_column_text][\/vc_column][vc_column width=\u00a0\u00bb1\/3&Prime;][vc_single_image image=\u00a0\u00bb1759&Prime; img_size=\u00a0\u00bb400&#215;300&Prime;][vc_column_text]<\/p>\n<h4>Oloron J&rsquo;y Vis<\/h4>\n<p>[\/vc_column_text][\/vc_column][vc_column width=\u00a0\u00bb1\/3&Prime;][vc_single_image image=\u00a0\u00bb1761&Prime; img_size=\u00a0\u00bb400&#215;300&Prime;][vc_column_text]<\/p>\n<h4>La Garbure des Triplettes<\/h4>\n<p>[\/vc_column_text][\/vc_column][\/vc_row][vc_row css=\u00a0\u00bb.vc_custom_1749127668046{margin-top: 0px !important;margin-bottom: 40px !important;border-top-width: 0px !important;border-bottom-width: 40px !important;padding-top: 0px !important;padding-bottom: 40px !important;}\u00a0\u00bb][vc_column width=\u00a0\u00bb1\/3&Prime;][vc_single_image image=\u00a0\u00bb1743&Prime; img_size=\u00a0\u00bb400&#215;300&Prime;][vc_column_text]<\/p>\n<h4>Chou Chou de Bruxelles<\/h4>\n<p>[\/vc_column_text][\/vc_column][vc_column width=\u00a0\u00bb1\/3&Prime;][vc_single_image image=\u00a0\u00bb1740&Prime; img_size=\u00a0\u00bb400&#215;300&Prime;][vc_column_text]<\/p>\n<h4>Autres Continents<\/h4>\n<p>[\/vc_column_text][\/vc_column][vc_column width=\u00a0\u00bb1\/3&Prime;][vc_single_image image=\u00a0\u00bb1741&Prime; img_size=\u00a0\u00bb400&#215;300&Prime;][vc_column_text]<\/p>\n<h4>Les Tontons Cuiseurs<\/h4>\n<p>[\/vc_column_text][\/vc_column][\/vc_row][vc_row css=\u00a0\u00bb.vc_custom_1749127668046{margin-top: 0px !important;margin-bottom: 40px !important;border-top-width: 0px !important;border-bottom-width: 40px !important;padding-top: 0px !important;padding-bottom: 40px !important;}\u00a0\u00bb][vc_column width=\u00a0\u00bb1\/3&Prime;][vc_single_image image=\u00a0\u00bb1768&Prime; img_size=\u00a0\u00bb400&#215;300&Prime;][vc_column_text]<\/p>\n<h4>GEM la Garbure<\/h4>\n<p>[\/vc_column_text][\/vc_column][vc_column width=\u00a0\u00bb1\/3&Prime;][vc_single_image image=\u00a0\u00bb1739&Prime; img_size=\u00a0\u00bb400&#215;300&Prime;][vc_column_text]<\/p>\n<h4>Nordic Oloronaise<\/h4>\n<p>[\/vc_column_text][\/vc_column][vc_column width=\u00a0\u00bb1\/3&Prime;][vc_single_image image=\u00a0\u00bb1742&Prime; img_size=\u00a0\u00bb400&#215;300&Prime;][vc_column_text]<\/p>\n<h4>Guybure<\/h4>\n<p>[\/vc_column_text][\/vc_column][\/vc_row][vc_row css=\u00a0\u00bb.vc_custom_1749127668046{margin-top: 0px !important;margin-bottom: 40px !important;border-top-width: 0px !important;border-bottom-width: 40px !important;padding-top: 0px !important;padding-bottom: 40px !important;}\u00a0\u00bb][vc_column width=\u00a0\u00bb1\/3&Prime;][vc_single_image image=\u00a0\u00bb1745&Prime; img_size=\u00a0\u00bb400&#215;300&Prime;][vc_column_text]<\/p>\n<h4>Pena Charumba<\/h4>\n<p>[\/vc_column_text][\/vc_column][vc_column width=\u00a0\u00bb1\/3&Prime;][vc_single_image image=\u00a0\u00bb1735&Prime; img_size=\u00a0\u00bb400&#215;300&Prime;][vc_column_text]<\/p>\n<h4>Lous de Siros<\/h4>\n<p>[\/vc_column_text][\/vc_column][vc_column width=\u00a0\u00bb1\/3&Prime;][vc_single_image image=\u00a0\u00bb1765&Prime; img_size=\u00a0\u00bb400&#215;300&Prime;][vc_column_text]<\/p>\n<h4>Le R\u00e9veil des Carottes<\/h4>\n<p>[\/vc_column_text][\/vc_column][\/vc_row][vc_row css=\u00a0\u00bb.vc_custom_1749127668046{margin-top: 0px !important;margin-bottom: 40px !important;border-top-width: 0px !important;border-bottom-width: 40px !important;padding-top: 0px !important;padding-bottom: 40px !important;}\u00a0\u00bb][vc_column width=\u00a0\u00bb1\/3&Prime;][vc_single_image image=\u00a0\u00bb1734&Prime; img_size=\u00a0\u00bb400&#215;300&Prime;][vc_column_text]<\/p>\n<h4>Garbure G\u00e9roise<\/h4>\n<p>[\/vc_column_text][\/vc_column][vc_column width=\u00a0\u00bb1\/3&Prime;][vc_single_image image=\u00a0\u00bb1763&Prime; img_size=\u00a0\u00bb400&#215;300&Prime;][vc_column_text]<\/p>\n<h4>Les Jambonettes<\/h4>\n<p>[\/vc_column_text][\/vc_column][vc_column width=\u00a0\u00bb1\/3&Prime;][vc_single_image image=\u00a0\u00bb1767&Prime; img_size=\u00a0\u00bb400&#215;300&Prime;][vc_column_text]<\/p>\n<h4>Los Lannessus<\/h4>\n<p>[\/vc_column_text][\/vc_column][\/vc_row][vc_row css=\u00a0\u00bb.vc_custom_1749127668046{margin-top: 0px !important;margin-bottom: 40px !important;border-top-width: 0px !important;border-bottom-width: 40px !important;padding-top: 0px !important;padding-bottom: 40px !important;}\u00a0\u00bb][vc_column width=\u00a0\u00bb1\/3&Prime;][vc_single_image image=\u00a0\u00bb1737&Prime; img_size=\u00a0\u00bb400&#215;300&Prime;][vc_column_text]<\/p>\n<h4>La Toque<\/h4>\n<p>[\/vc_column_text][\/vc_column][vc_column width=\u00a0\u00bb1\/3&Prime;][vc_single_image image=\u00a0\u00bb1760&Prime; img_size=\u00a0\u00bb400&#215;300&Prime;][vc_column_text]<\/p>\n<h4>Los Aussales<\/h4>\n<p>[\/vc_column_text][\/vc_column][vc_column width=\u00a0\u00bb1\/3&Prime;][vc_single_image image=\u00a0\u00bb1744&Prime; img_size=\u00a0\u00bb400&#215;300&Prime;][vc_column_text]<\/p>\n<h4>La confr\u00e9rie des 9 &#8211; 3\/4<\/h4>\n<p>[\/vc_column_text][\/vc_column][\/vc_row][vc_row css=\u00a0\u00bb.vc_custom_1749127520489{margin-top: 0px !important;margin-bottom: 0px !important;border-top-width: 0px !important;border-bottom-width: 0px !important;padding-top: 0px !important;padding-bottom: 0px !important;}\u00a0\u00bb][vc_column width=\u00a0\u00bb1\/3&Prime;][vc_single_image image=\u00a0\u00bb1762&Prime; img_size=\u00a0\u00bb400&#215;300&Prime;][vc_column_text]<\/p>\n<h4>Les Cuistos Dingos<\/h4>\n<p>[\/vc_column_text][\/vc_column][vc_column width=\u00a0\u00bb1\/3&Prime;][vc_single_image image=\u00a0\u00bb1766&Prime; img_size=\u00a0\u00bb400&#215;300&Prime;][vc_column_text]<\/p>\n<h4>Es Quilhous<\/h4>\n<p>[\/vc_column_text][\/vc_column][vc_column width=\u00a0\u00bb1\/3&Prime;][\/vc_column][\/vc_row][vc_row][vc_column width=\u00a0\u00bb1\/2&Prime;][vc_single_image image=\u00a0\u00bb1322&Prime; img_size=\u00a0\u00bb400&#215;300&Prime; alignment=\u00a0\u00bbcenter\u00a0\u00bb][\/vc_column][vc_column width=\u00a0\u00bb1\/2&Prime;][vc_single_image image=\u00a0\u00bb1314&Prime; img_size=\u00a0\u00bb400&#215;300&Prime; alignment=\u00a0\u00bbcenter\u00a0\u00bb][\/vc_column][\/vc_row][vc_row][vc_column][vc_column_text]<\/p>\n<p style=\"text-align: center;\">T\u00e9l : <strong>05.59.39.05.86 \/ 06.83.09.05.01<\/strong> &#8211; Mail : <strong>garburadeoloron@gmail.com<\/strong> &#8211; Adresse :<strong> La Garburade 6 av. de la Gare 64400 OLORON STE-MARIE.<\/strong><\/p>\n<p>[\/vc_column_text][\/vc_column][\/vc_row]<\/p>\n<\/div>","protected":false},"excerpt":{"rendered":"<p>[vc_row][vc_column][vc_column_text] La Garburade : une comp\u00e9tition Il s&rsquo;agit d&rsquo;une comp\u00e9tition valorisant le plat traditionnel b\u00e9arnais, organis\u00e9e&#8230;<\/p>\n","protected":false},"author":1,"featured_media":1748,"parent":0,"menu_order":0,"comment_status":"closed","ping_status":"closed","template":"","meta":{"footnotes":""},"class_list":["post-147","page","type-page","status-publish","has-post-thumbnail","hentry"],"jetpack_sharing_enabled":true,"_links":{"self":[{"href":"https:\/\/www.lagarburade.org\/index.php\/wp-json\/wp\/v2\/pages\/147","targetHints":{"allow":["GET"]}}],"collection":[{"href":"https:\/\/www.lagarburade.org\/index.php\/wp-json\/wp\/v2\/pages"}],"about":[{"href":"https:\/\/www.lagarburade.org\/index.php\/wp-json\/wp\/v2\/types\/page"}],"author":[{"embeddable":true,"href":"https:\/\/www.lagarburade.org\/index.php\/wp-json\/wp\/v2\/users\/1"}],"replies":[{"embeddable":true,"href":"https:\/\/www.lagarburade.org\/index.php\/wp-json\/wp\/v2\/comments?post=147"}],"version-history":[{"count":77,"href":"https:\/\/www.lagarburade.org\/index.php\/wp-json\/wp\/v2\/pages\/147\/revisions"}],"predecessor-version":[{"id":1769,"href":"https:\/\/www.lagarburade.org\/index.php\/wp-json\/wp\/v2\/pages\/147\/revisions\/1769"}],"wp:featuredmedia":[{"embeddable":true,"href":"https:\/\/www.lagarburade.org\/index.php\/wp-json\/wp\/v2\/media\/1748"}],"wp:attachment":[{"href":"https:\/\/www.lagarburade.org\/index.php\/wp-json\/wp\/v2\/media?parent=147"}],"curies":[{"name":"wp","href":"https:\/\/api.w.org\/{rel}","templated":true}]}}