{"id":135,"date":"2024-06-05T21:59:59","date_gmt":"2024-06-05T19:59:59","guid":{"rendered":"http:\/\/www.lagarburade.org\/garburade\/?page_id=135"},"modified":"2025-10-24T15:21:27","modified_gmt":"2025-10-24T13:21:27","slug":"les-partenaires","status":"publish","type":"page","link":"https:\/\/www.lagarburade.org\/index.php\/les-partenaires\/","title":{"rendered":"Les partenaires"},"content":{"rendered":"<div class=\"wpb-content-wrapper\"><p>[vc_row][vc_column][vc_column_text css_animation=\u00a0\u00bbfadeIn\u00a0\u00bb]<\/p>\n<h2 style=\"text-align: center;\">Bienvenue sur la page d\u00e9di\u00e9e \u00e0 nos partenaires !<\/h2>\n<p style=\"text-align: center;\">L&rsquo;Association La Garburade, d\u00e9vou\u00e9e \u00e0 la promotion et \u00e0 la c\u00e9l\u00e9bration de la culture et de la gastronomie locale \u00e0 travers notre festival annuel, b\u00e9n\u00e9ficie du soutien pr\u00e9cieux de plusieurs partenaires. Leur engagement et leur collaboration sont essentiels \u00e0 la r\u00e9ussite de nos \u00e9v\u00e9nements et au rayonnement de nos traditions. Voici un aper\u00e7u des partenaires qui contribuent \u00e0 la magie de La Garburade :<\/p>\n<p>[\/vc_column_text][\/vc_column][\/vc_row][vc_row][vc_column][vc_column_text]<\/p>\n<h3>Partenaires Institutionnels<\/h3>\n<p>Nos partenaires institutionnels jouent un r\u00f4le cl\u00e9 en offrant des soutiens logistiques et financiers indispensables pour l&rsquo;organisation de nos activit\u00e9s.<\/p>\n<ul>\n<li><strong>La Mairie d&rsquo;Oloron Sainte-Marie<\/strong>\u00a0: Gr\u00e2ce \u00e0 son soutien continu, nous b\u00e9n\u00e9ficions des infrastructures n\u00e9cessaires pour accueillir nos festivit\u00e9s.<\/li>\n<li>La Communaut\u00e9 de Communes du Pi\u00e9mont Oloronais : Partenaire historique qui nous soutient par la fourniture de mat\u00e9riels n\u00e9cessaires au bon fonctionnement de notre manifestation.<\/li>\n<li><strong>Le Conseil D\u00e9partemental des Pyr\u00e9n\u00e9es-Atlantiques<\/strong>\u00a0: Partenaire de longue date, il apporte un soutien financier et organisationnel significatif.<\/li>\n<li><strong>L&rsquo;Office de Tourisme des Pyr\u00e9n\u00e9es B\u00e9arnaises <\/strong>: Apporte une collaboration consid\u00e9rable financi\u00e8re, mais \u00e9galement en mati\u00e8re d&rsquo;identit\u00e9 visuelle, de communication et de relations avec la presse.<\/li>\n<\/ul>\n<p>Les entreprises locales et nationales nous accompagnent pour faire de chaque \u00e9dition de La Garburade un \u00e9v\u00e9nement inoubliable.<\/p>\n<ul>\n<li><strong>CREDIT MUTUEL Agence d&rsquo;Oloron Ste-Marie<\/strong> : S<em>ponsor et partenaire principal, elle nous aide \u00e0 financer diverses activit\u00e9s et infrastructures pour le festival.<\/em><\/li>\n<li><b>Centre E. LECLERC \u00e0 Oloron Ste-Marie <\/b>\u00a0: <em>Partenaire historique de \u00ab\u00a0La Garburade\u00a0\u00bb, cette grande enseigne commerciale nous apporte un fid\u00e8le soutien.<\/em><\/li>\n<li><strong>LINDT &amp; SPR\u00dcNGLI \u00e0 Oloron Ste-Marie<\/strong> : <em>Cet acteur industriel incontournable Oloronais nous accorde sa confiance depuis de nombreuses ann\u00e9es. Les pr\u00e9cieuses contributions au cours de nos manifestations en t\u00e9moignent chaque ann\u00e9e.<\/em><\/li>\n<li><strong>OGEU PYRENEES &#8211; EAU MINERALE NATURELLE \u00e0 Ogeu-Les-Bains<\/strong> : <em>Partenaire et fournisseur officiel en logistique pour nos repas de chaque Garburade.<\/em><\/li>\n<li><strong>EURALIS \u00e0 Oloron Ste-Marie<\/strong> : <em>Partenaire qui nous apporte son concours et son soutien.<\/em><\/li>\n<li><strong>Maison LAULHERE<\/strong> : <em>Partenaire et fournisseur des B\u00e9rets de la Garburade d&rsquo;Oloron Ste-Marie.<\/em><\/li>\n<li><strong>P\u00e2tisserie ARTIGARREDE \u00e0 Oloron Ste-Marie<\/strong> : <em>Fournisseur officiel des g\u00e2teaux Russes lors de la grande soir\u00e9e du repas dansant.<\/em><\/li>\n<li><strong>SOUVIRON PALAS \u00e0 Oloron Ste-Marie<\/strong> : <em>Partenaire depuis plusieurs ann\u00e9es de l\u2019association<\/em>.<\/li>\n<li><strong>Maison LARTIGUE 1910 \u00e0 Bidos<\/strong> : <em>Partenaire de l\u2019association<\/em>.<\/li>\n<li><strong>Fromagerie du Pays d&rsquo;Aramits \u00e0 Aramits<\/strong> : <em>Fournisseur et partenaire en fromages pour les repas des Garburades.<\/em><\/li>\n<li><b>Regal-Gel \u00e0 Oloron Ste-Marie :<\/b><em> P<\/em><em>artenaire et fournisseur de longue date de nos l\u00e9gumes.<\/em><\/li>\n<li><strong>IMPRIMERIE CHARONT \u00e0 Oloron Ste-Marie<\/strong> : <em>Imprimeur de nos brochures de programme, des livrets des Tables de la Garbure et de nos affiches officielles.<\/em><\/li>\n<li><strong>Les nombreux commer\u00e7ants d&rsquo;Oloron Ste-Marie et proches environs : <\/strong><em>Un fid\u00e8le soutien des commerces et prestataires de service qui nous soutiennent chaque ann\u00e9e et dont leurs logos ou enseignes apparaissent dans nos programmes, d\u00e9pliants des tables de la Garbures, dans la presse et nos sets de table.<\/em><\/li>\n<\/ul>\n<p>[\/vc_column_text][\/vc_column][\/vc_row][vc_row][vc_column][vc_column_text]<\/p>\n<h3>Partenaires Associatifs &#8211; \u00ab\u00a0SEPTEMBRE EN B\u00c9ARN\u00a0\u00bb<\/h3>\n<p>Les associations locales collaborent avec nous pour enrichir le programme du festival avec des animations et des activit\u00e9s culturelles.<\/p>\n<p>L&rsquo;association \u00ab\u00a0SEPTEMBRE EN B\u00c9ARN\u00a0\u00bb regroupant les 6 associations ci-dessous :<\/p>\n<ul>\n<li><strong>La Garburade d&rsquo;Oloron-Sainte-Marie<\/strong><\/li>\n<li><strong>La F\u00eate des Bergers d&rsquo;Aramits<\/strong><\/li>\n<li><strong>La Jurade du Sel de Salies-de-B\u00e9arn<\/strong><\/li>\n<li><strong>Le Festival de la Chanson et de la Culture B\u00e9arnaise de Siros\u00a0<\/strong><\/li>\n<li><strong>La F\u00eate du Ma\u00efs \u00e0 La\u00e0s<\/strong><\/li>\n<li><strong>La Foire aux Fromages de Laruns<\/strong><\/li>\n<\/ul>\n<p>L&rsquo;objectif est de f\u00e9d\u00e9rer ces associations entre elles, donner de la dynamique, faire conna\u00eetre et promouvoir le patrimoine et la culture traditionnelle B\u00e9arnaise.[\/vc_column_text][\/vc_column][\/vc_row][vc_row][vc_column][vc_column_text]<\/p>\n<h3>Partenaires M\u00e9dias<\/h3>\n<p>Nos partenaires m\u00e9dias jouent un r\u00f4le crucial en assurant la couverture et la promotion de La Garburade aupr\u00e8s d&rsquo;un large public.<\/p>\n<ul>\n<li><strong>Radio FRANCE BLEU BEARN<\/strong>\u00a0: Elle diffuse des interviews, des annonces et des \u00e9missions sp\u00e9ciales pour faire conna\u00eetre notre festival.<\/li>\n<li><strong>Radio OLORON<\/strong> : Elle diffuse des annonces et met \u00e0 l&rsquo;honneur le championnat du monde de Gaburade \u00e0 Oloron Ste-Marie.<\/li>\n<li><strong>Journal LA REPUBLIQUE DES PYRENEES &#8211; L&rsquo; ECLAIR &#8211; SUD OUEST <\/strong>\u00a0: Gr\u00e2ce \u00e0 leurs articles et reportages, ils mettent en lumi\u00e8re les moments forts de La Garburade.<\/li>\n<li><strong>Photographe<\/strong> : <strong>SEBASTIEN ARNOUTS<\/strong> &#8211; <a style=\"font-size: 1rem;\" href=\"https:\/\/www.sebastien-arnouts.com\/\" data-saferedirecturl=\"https:\/\/www.google.com\/url?q=https:\/\/www.sebastien-arnouts.com\/&amp;source=gmail&amp;ust=1719568649151000&amp;usg=AOvVaw0OLO5x_8_vSdQnxEoAaEAW\">https:\/\/www.sebastien-arnouts.com\/<\/a><\/li>\n<li><strong>TF1 &#8211; Les grands reportages sur l&rsquo;\u00e9dition 2025<\/strong><\/li>\n<\/ul>\n<p>[\/vc_column_text][\/vc_column][\/vc_row][vc_row][vc_column][vc_column_text]<\/p>\n<h4><\/h4>\n<h3>Pourquoi nous soutenir ?<\/h3>\n<p>Devenir partenaire de La Garburade, c&rsquo;est contribuer \u00e0 la pr\u00e9servation et \u00e0 la promotion de notre patrimoine culinaire et culturel. C&rsquo;est \u00e9galement b\u00e9n\u00e9ficier d&rsquo;une visibilit\u00e9 accrue et d&rsquo;une association positive avec un \u00e9v\u00e9nement convivial et f\u00e9d\u00e9rateur.<\/p>\n<p>Nous remercions chaleureusement tous nos partenaires pour leur engagement et leur soutien ind\u00e9fectible. Ensemble, faisons vivre la tradition et partageons la passion de la Garbure ![\/vc_column_text][\/vc_column][\/vc_row][vc_row css=\u00a0\u00bb.vc_custom_1749026793221{margin-top: 0px !important;margin-bottom: 0px !important;border-top-width: 0px !important;border-bottom-width: 0px !important;padding-top: 0px !important;padding-bottom: 0px !important;}\u00a0\u00bb][vc_column width=\u00a0\u00bb1\/5&Prime;][vc_single_image image=\u00a0\u00bb1435&Prime; alignment=\u00a0\u00bbcenter\u00a0\u00bb][\/vc_column][vc_column width=\u00a0\u00bb1\/5&Prime;][vc_single_image image=\u00a0\u00bb1470&Prime; alignment=\u00a0\u00bbcenter\u00a0\u00bb][\/vc_column][vc_column width=\u00a0\u00bb1\/5&Prime;][vc_single_image image=\u00a0\u00bb707&Prime; alignment=\u00a0\u00bbcenter\u00a0\u00bb][\/vc_column][vc_column width=\u00a0\u00bb1\/5&Prime;][vc_single_image image=\u00a0\u00bb1623&Prime; img_size=\u00a0\u00bb300&#215;300&Prime; alignment=\u00a0\u00bbcenter\u00a0\u00bb][\/vc_column][vc_column width=\u00a0\u00bb1\/5&Prime;][vc_single_image image=\u00a0\u00bb1456&Prime; alignment=\u00a0\u00bbcenter\u00a0\u00bb css=\u00a0\u00bb.vc_custom_1749043787307{padding-right: 0px !important;padding-left: 0px !important;}\u00a0\u00bb][\/vc_column][\/vc_row][vc_row css=\u00a0\u00bb.vc_custom_1749026793221{margin-top: 0px !important;margin-bottom: 0px !important;border-top-width: 0px !important;border-bottom-width: 0px !important;padding-top: 0px !important;padding-bottom: 0px !important;}\u00a0\u00bb][vc_column width=\u00a0\u00bb1\/5&Prime;][vc_single_image image=\u00a0\u00bb694&Prime; alignment=\u00a0\u00bbcenter\u00a0\u00bb][\/vc_column][vc_column width=\u00a0\u00bb1\/5&Prime;][vc_single_image image=\u00a0\u00bb1464&Prime; alignment=\u00a0\u00bbcenter\u00a0\u00bb][\/vc_column][vc_column width=\u00a0\u00bb1\/5&Prime;][vc_single_image image=\u00a0\u00bb695&Prime; alignment=\u00a0\u00bbcenter\u00a0\u00bb][\/vc_column][vc_column width=\u00a0\u00bb1\/5&Prime;][vc_single_image image=\u00a0\u00bb1469&Prime; alignment=\u00a0\u00bbcenter\u00a0\u00bb][\/vc_column][vc_column width=\u00a0\u00bb1\/5&Prime;][vc_single_image image=\u00a0\u00bb1474&Prime; alignment=\u00a0\u00bbcenter\u00a0\u00bb][\/vc_column][\/vc_row][vc_row css=\u00a0\u00bb.vc_custom_1749026793221{margin-top: 0px !important;margin-bottom: 0px !important;border-top-width: 0px !important;border-bottom-width: 0px !important;padding-top: 0px !important;padding-bottom: 0px !important;}\u00a0\u00bb][vc_column width=\u00a0\u00bb1\/5&Prime;][vc_single_image image=\u00a0\u00bb724&Prime; alignment=\u00a0\u00bbcenter\u00a0\u00bb][\/vc_column][vc_column width=\u00a0\u00bb1\/5&Prime;][vc_single_image image=\u00a0\u00bb700&Prime; alignment=\u00a0\u00bbcenter\u00a0\u00bb][\/vc_column][vc_column width=\u00a0\u00bb1\/5&Prime;][vc_single_image image=\u00a0\u00bb1466&Prime; alignment=\u00a0\u00bbcenter\u00a0\u00bb][\/vc_column][vc_column width=\u00a0\u00bb1\/5&Prime;][vc_single_image image=\u00a0\u00bb1518&Prime; alignment=\u00a0\u00bbcenter\u00a0\u00bb][\/vc_column][vc_column width=\u00a0\u00bb1\/5&Prime;][vc_single_image image=\u00a0\u00bb1467&Prime; alignment=\u00a0\u00bbcenter\u00a0\u00bb css=\u00a0\u00bb.vc_custom_1749043846160{padding-right: 0px !important;padding-left: 0px !important;}\u00a0\u00bb][\/vc_column][\/vc_row][vc_row css=\u00a0\u00bb.vc_custom_1749026793221{margin-top: 0px !important;margin-bottom: 0px !important;border-top-width: 0px !important;border-bottom-width: 0px !important;padding-top: 0px !important;padding-bottom: 0px !important;}\u00a0\u00bb][vc_column width=\u00a0\u00bb1\/5&Prime;][vc_single_image image=\u00a0\u00bb1458&Prime; alignment=\u00a0\u00bbcenter\u00a0\u00bb][\/vc_column][vc_column width=\u00a0\u00bb1\/5&Prime;][vc_single_image image=\u00a0\u00bb1472&Prime; alignment=\u00a0\u00bbcenter\u00a0\u00bb][\/vc_column][vc_column width=\u00a0\u00bb1\/5&Prime;][vc_single_image image=\u00a0\u00bb1784&Prime; alignment=\u00a0\u00bbcenter\u00a0\u00bb][\/vc_column][vc_column width=\u00a0\u00bb1\/5&Prime;][vc_single_image image=\u00a0\u00bb1463&Prime;][\/vc_column][vc_column width=\u00a0\u00bb1\/5&Prime;][vc_single_image image=\u00a0\u00bb1461&Prime;][\/vc_column][\/vc_row][vc_row css=\u00a0\u00bb.vc_custom_1749026793221{margin-top: 0px !important;margin-bottom: 0px !important;border-top-width: 0px !important;border-bottom-width: 0px !important;padding-top: 0px !important;padding-bottom: 0px !important;}\u00a0\u00bb][vc_column width=\u00a0\u00bb1\/5&Prime;][vc_single_image image=\u00a0\u00bb1462&Prime;][\/vc_column][vc_column width=\u00a0\u00bb1\/5&Prime;][vc_single_image image=\u00a0\u00bb696&Prime;][\/vc_column][vc_column width=\u00a0\u00bb1\/5&Prime;][vc_single_image image=\u00a0\u00bb1459&Prime;][\/vc_column][vc_column width=\u00a0\u00bb1\/5&Prime;][vc_single_image image=\u00a0\u00bb703&Prime;][\/vc_column][vc_column width=\u00a0\u00bb1\/5&Prime;][vc_single_image image=\u00a0\u00bb1457&Prime; alignment=\u00a0\u00bbcenter\u00a0\u00bb][\/vc_column][\/vc_row][vc_row][vc_column][vc_column_text]<\/p>\n<p style=\"text-align: center;\"><em><strong>Rejoignez-nous d\u00e8s maintenant !\u00a0<\/strong><\/em><\/p>\n<p>[\/vc_column_text][\/vc_column][\/vc_row]<\/p>\n<\/div>","protected":false},"excerpt":{"rendered":"<p>[vc_row][vc_column][vc_column_text css_animation=\u00a0\u00bbfadeIn\u00a0\u00bb] Bienvenue sur la page d\u00e9di\u00e9e \u00e0 nos partenaires ! L&rsquo;Association La Garburade, d\u00e9vou\u00e9e \u00e0&#8230;<\/p>\n","protected":false},"author":1,"featured_media":138,"parent":0,"menu_order":0,"comment_status":"closed","ping_status":"closed","template":"","meta":{"footnotes":""},"class_list":["post-135","page","type-page","status-publish","has-post-thumbnail","hentry"],"jetpack_sharing_enabled":true,"_links":{"self":[{"href":"https:\/\/www.lagarburade.org\/index.php\/wp-json\/wp\/v2\/pages\/135","targetHints":{"allow":["GET"]}}],"collection":[{"href":"https:\/\/www.lagarburade.org\/index.php\/wp-json\/wp\/v2\/pages"}],"about":[{"href":"https:\/\/www.lagarburade.org\/index.php\/wp-json\/wp\/v2\/types\/page"}],"author":[{"embeddable":true,"href":"https:\/\/www.lagarburade.org\/index.php\/wp-json\/wp\/v2\/users\/1"}],"replies":[{"embeddable":true,"href":"https:\/\/www.lagarburade.org\/index.php\/wp-json\/wp\/v2\/comments?post=135"}],"version-history":[{"count":52,"href":"https:\/\/www.lagarburade.org\/index.php\/wp-json\/wp\/v2\/pages\/135\/revisions"}],"predecessor-version":[{"id":1785,"href":"https:\/\/www.lagarburade.org\/index.php\/wp-json\/wp\/v2\/pages\/135\/revisions\/1785"}],"wp:featuredmedia":[{"embeddable":true,"href":"https:\/\/www.lagarburade.org\/index.php\/wp-json\/wp\/v2\/media\/138"}],"wp:attachment":[{"href":"https:\/\/www.lagarburade.org\/index.php\/wp-json\/wp\/v2\/media?parent=135"}],"curies":[{"name":"wp","href":"https:\/\/api.w.org\/{rel}","templated":true}]}}