{"id":113,"date":"2024-06-17T14:48:19","date_gmt":"2024-06-17T12:48:19","guid":{"rendered":"http:\/\/www.lagarburade.org\/garburade\/?page_id=113"},"modified":"2025-06-11T21:42:50","modified_gmt":"2025-06-11T19:42:50","slug":"tables-2024","status":"publish","type":"page","link":"https:\/\/www.lagarburade.org\/index.php\/tables-2024\/","title":{"rendered":"Les Tables de la Garbure 2025"},"content":{"rendered":"<div class=\"wpb-content-wrapper\"><p>[vc_row][vc_column width=\u00a0\u00bb1\/2&Prime;][vc_single_image image=\u00a0\u00bb345&Prime; img_size=\u00a0\u00bbmedium\u00a0\u00bb alignment=\u00a0\u00bbcenter\u00a0\u00bb][\/vc_column][vc_column width=\u00a0\u00bb1\/2&Prime;][vc_column_text]<\/p>\n<p style=\"text-align: left;\">Les restaurateurs signataires de la charte de qualit\u00e9 se regroupent dans un document r\u00e9actualis\u00e9 chaque ann\u00e9e. Cette plaquette est disponible dans les Offices de Tourisme, les G\u00eetes de France, les commer\u00e7ants Oloronais et les restaurateurs adh\u00e9rents.<\/p>\n<p style=\"text-align: left;\">Vous \u00eates assur\u00e9s de trouver dans les \u00e9tablissements signataires de la charte une garbure de qualit\u00e9, \u00e9labor\u00e9e selon les crit\u00e8res de la Confr\u00e9rie d&rsquo;Oloron Sainte-Marie.<\/p>\n<p style=\"text-align: left;\">Ce met y est servi tout au long de l&rsquo;ann\u00e9e, au menu ou \u00e0 la carte.<\/p>\n<p style=\"text-align: left;\">Vous reconnaitrez une Table de la Garbure \u00e0 la plaque sur la fa\u00e7ade de l&rsquo;\u00e9tablissement avec les logos figurants en haut et fin de page.<\/p>\n<p>[\/vc_column_text][\/vc_column][\/vc_row][vc_row][vc_column][vc_column_text css=\u00a0\u00bb.vc_custom_1749670958377{border-radius: 2px !important;}\u00a0\u00bb]<\/p>\n<h2 style=\"text-align: center;\">Nos restaurants partenaires<br \/>\ndes \u00ab\u00a0Tables de la Garbure\u00a0\u00bb 2025-2026<\/h2>\n<p>[\/vc_column_text][vc_single_image image=\u00a0\u00bb1545&Prime; img_size=\u00a0\u00bbfull\u00a0\u00bb alignment=\u00a0\u00bbcenter\u00a0\u00bb][\/vc_column][\/vc_row][vc_row][vc_column][vc_column_text css=\u00a0\u00bb.vc_custom_1749647855347{border-radius: 2px !important;}\u00a0\u00bb]<\/p>\n<p style=\"text-align: center;\"><em>H\u00f4tel Restaurant <strong>ALYSSON PASTORAL<\/strong> : 24 Bd des Pyr\u00e9n\u00e9es, 64400 Oloron-Sainte-Marie &#8211; <span aria-label=\"Appeler le 05 59 39 70 70\">05 59 39 70 70<\/span><\/em><\/p>\n<p style=\"text-align: center;\"><em>Restaurant <strong>ARTS ET DELICES<\/strong> : 13 bis Place de la cath\u00e9drale 64400 OLORON Sainte-Marie &#8211; 09.54.58.39.84<\/em><\/p>\n<p style=\"text-align: center;\"><em>Restaurant<strong> LE TRINQUET<\/strong> : 3 Place des Oustalots 64400 OLORON SAINTE-MARIE &#8211; 05.59.39.63.13<\/em><\/p>\n<p style=\"text-align: center;\"><em>H\u00f4tel Restaurant <strong>LE BRISTOL<\/strong> : 9 Rue Carrerot 64400 OLORON SAINTE-MARIE &#8211; 05.59.39.43.78\u00a0\u00a0<\/em><\/p>\n<p style=\"text-align: center;\"><em>Restaurant<strong> CHEZ CH\u00c2TEAU<\/strong> : 64400 ESQUIULE &#8211; 05.59.39.23.03<\/em><\/p>\n<p style=\"text-align: center;\"><em>H\u00f4tel Restaurant <strong>TRANSHUMANCE &amp; CIE<\/strong> : 8 avenue Robert Balangu\u00e9 Gare de Bedous 64490 BEDOUS &#8211; 05.59.34.97.59<\/em><\/p>\n<p style=\"text-align: center;\"><em>H\u00f4tel Restaurant <strong>BOULE DE NEIGE : <\/strong>2 Chem. du Bois Noir, 64440 EAUX-BONNES &#8211; <span aria-label=\"Appeler le 05 59 05 10 05\">05 59 05 10 05<\/span><\/em><\/p>\n<p style=\"text-align: center;\"><em>H\u00f4tel Restaurant <strong>RICHELIEU<\/strong> : 35 rue Louis Barthou 6440 EAUX-BONNES &#8211; 05.59.62.01.98<\/em><\/p>\n<p style=\"text-align: center;\"><em>Logis <strong>L&rsquo;AUBERGE DE L&rsquo;ETABLE<\/strong> : Le Bourg 64470 MONTORY &#8211; 05.59.28.69.69<\/em><\/p>\n<p style=\"text-align: center;\"><em>H\u00f4tel Restaurent <strong>CHEZ GERMAINE<\/strong> : 18 Route de Josbaig 64400 GE\u00dcS D&rsquo;OLORON &#8211; 05.59.88.00.65<\/em><\/p>\n<p style=\"text-align: center;\"><em><strong>CAFE DES SPORTS<\/strong> : 17 Place de La R\u00e9publique 64410 ARZACQ-ARRAZIGUET &#8211; 05.59.04.40.67<\/em><\/p>\n<p style=\"text-align: center;\"><em><strong>H\u00d4TEL DES VOYAGEURS<\/strong> : 27 route nationale 64490 URDOS &#8211; 05.59.34.88.05<\/em><\/p>\n<p style=\"text-align: center;\"><em><strong>AU FAMILY&rsquo;S<\/strong> : 477 rue des Pyr\u00e9n\u00e9es 64570 LANNE-EN-BARETOUS &#8211; 05.33.99.00.08<\/em><\/p>\n<p style=\"text-align: center;\"><em>Restaurant <strong>CHEZ ZELIE<\/strong> : Rue de Bar\u00e9tous 64570 FEAS ANCE &#8211; 05.59.24.35.55<\/em><\/p>\n<p style=\"text-align: center;\"><em>Logis <strong>H\u00d4TEL DE FRANCE<\/strong> : 1 Place de l&rsquo;H\u00f4tel de ville 64260 ARUDY &#8211; 05.59.05.60.16<\/em><\/p>\n<p style=\"text-align: center;\"><em>Auberge <strong>CLAVERIE<\/strong> : 2 Place de l&rsquo;Estanquet 64190 AUDAUX &#8211; 05.59.66.03.80<\/em><\/p>\n<p style=\"text-align: center;\"><em>Auberge de <strong>LA FONTAINE<\/strong> : Place de l&rsquo;Eglise 64390 LAAS &#8211; 05.59.38.20.20<\/em><\/p>\n<p style=\"text-align: center;\"><em>Logis H\u00f4tel <strong>L&rsquo;AYGUELADE<\/strong> : D934 &#8211; 10 Quartier l&rsquo;Ayguelade 64260 BIELLE &#8211; 05.59.82.60.06<\/em><\/p>\n<p style=\"text-align: center;\"><em>Restaurant <strong>BELLEVUE<\/strong> : 55 Rue du Bourguet 64440 LARUNS &#8211; 05.59.05.17.03<\/em><\/p>\n<p style=\"text-align: center;\"><em><strong>LE PANORAMIC<\/strong> : Station Altitude 64440 ARTOUSTE &#8211; 05.59.05.42.56<\/em><\/p>\n<p>[\/vc_column_text][vc_single_image image=\u00a0\u00bb1495&Prime; img_size=\u00a0\u00bblarge\u00a0\u00bb alignment=\u00a0\u00bbcenter\u00a0\u00bb][\/vc_column][\/vc_row]<\/p>\n<\/div>","protected":false},"excerpt":{"rendered":"<p>[vc_row][vc_column width=\u00a0\u00bb1\/2&Prime;][vc_single_image image=\u00a0\u00bb345&Prime; img_size=\u00a0\u00bbmedium\u00a0\u00bb alignment=\u00a0\u00bbcenter\u00a0\u00bb][\/vc_column][vc_column width=\u00a0\u00bb1\/2&Prime;][vc_column_text] Les restaurateurs signataires de la charte de qualit\u00e9 se regroupent&#8230;<\/p>\n","protected":false},"author":1,"featured_media":1079,"parent":0,"menu_order":0,"comment_status":"closed","ping_status":"closed","template":"","meta":{"footnotes":""},"class_list":["post-113","page","type-page","status-publish","has-post-thumbnail","hentry"],"jetpack_sharing_enabled":true,"_links":{"self":[{"href":"https:\/\/www.lagarburade.org\/index.php\/wp-json\/wp\/v2\/pages\/113","targetHints":{"allow":["GET"]}}],"collection":[{"href":"https:\/\/www.lagarburade.org\/index.php\/wp-json\/wp\/v2\/pages"}],"about":[{"href":"https:\/\/www.lagarburade.org\/index.php\/wp-json\/wp\/v2\/types\/page"}],"author":[{"embeddable":true,"href":"https:\/\/www.lagarburade.org\/index.php\/wp-json\/wp\/v2\/users\/1"}],"replies":[{"embeddable":true,"href":"https:\/\/www.lagarburade.org\/index.php\/wp-json\/wp\/v2\/comments?post=113"}],"version-history":[{"count":56,"href":"https:\/\/www.lagarburade.org\/index.php\/wp-json\/wp\/v2\/pages\/113\/revisions"}],"predecessor-version":[{"id":1559,"href":"https:\/\/www.lagarburade.org\/index.php\/wp-json\/wp\/v2\/pages\/113\/revisions\/1559"}],"wp:featuredmedia":[{"embeddable":true,"href":"https:\/\/www.lagarburade.org\/index.php\/wp-json\/wp\/v2\/media\/1079"}],"wp:attachment":[{"href":"https:\/\/www.lagarburade.org\/index.php\/wp-json\/wp\/v2\/media?parent=113"}],"curies":[{"name":"wp","href":"https:\/\/api.w.org\/{rel}","templated":true}]}}